{"id":977,"date":"2023-09-08T15:40:44","date_gmt":"2023-09-08T18:40:44","guid":{"rendered":"https:\/\/amparobrindes.com.br\/?post_type=product&#038;p=977"},"modified":"2023-09-08T15:40:49","modified_gmt":"2023-09-08T18:40:49","slug":"cod-2346-taca-champanhe-degrade-170ml","status":"publish","type":"product","link":"https:\/\/amparobrindes.com.br\/?product=cod-2346-taca-champanhe-degrade-170ml","title":{"rendered":"C\u00f3d: 2346 Ta\u00e7a Champanhe Degrad\u00ea 170ML"},"content":{"rendered":"","protected":false},"excerpt":{"rendered":"<p>Ta\u00e7a acr\u00edlica degrad\u00ea champanhe 170ML<\/p>\n","protected":false},"featured_media":978,"comment_status":"open","ping_status":"closed","template":"","meta":[],"product_brand":[],"product_cat":[98,20,34,96,97,51],"product_tag":[],"class_list":{"0":"post-977","1":"product","2":"type-product","3":"status-publish","4":"has-post-thumbnail","6":"product_cat-aniversarios","7":"product_cat-canecas-e-copos","8":"product_cat-datas-comemorativas","9":"product_cat-dias-das-maes","10":"product_cat-dia-dos-namorados","11":"product_cat-dia-dos-pais","13":"first","14":"instock","15":"shipping-taxable","16":"product-type-simple"},"_links":{"self":[{"href":"https:\/\/amparobrindes.com.br\/index.php?rest_route=\/wp\/v2\/product\/977","targetHints":{"allow":["GET"]}}],"collection":[{"href":"https:\/\/amparobrindes.com.br\/index.php?rest_route=\/wp\/v2\/product"}],"about":[{"href":"https:\/\/amparobrindes.com.br\/index.php?rest_route=\/wp\/v2\/types\/product"}],"replies":[{"embeddable":true,"href":"https:\/\/amparobrindes.com.br\/index.php?rest_route=%2Fwp%2Fv2%2Fcomments&post=977"}],"wp:featuredmedia":[{"embeddable":true,"href":"https:\/\/amparobrindes.com.br\/index.php?rest_route=\/wp\/v2\/media\/978"}],"wp:attachment":[{"href":"https:\/\/amparobrindes.com.br\/index.php?rest_route=%2Fwp%2Fv2%2Fmedia&parent=977"}],"wp:term":[{"taxonomy":"product_brand","embeddable":true,"href":"https:\/\/amparobrindes.com.br\/index.php?rest_route=%2Fwp%2Fv2%2Fproduct_brand&post=977"},{"taxonomy":"product_cat","embeddable":true,"href":"https:\/\/amparobrindes.com.br\/index.php?rest_route=%2Fwp%2Fv2%2Fproduct_cat&post=977"},{"taxonomy":"product_tag","embeddable":true,"href":"https:\/\/amparobrindes.com.br\/index.php?rest_route=%2Fwp%2Fv2%2Fproduct_tag&post=977"}],"curies":[{"name":"wp","href":"https:\/\/api.w.org\/{rel}","templated":true}]}}