{"id":969,"date":"2023-09-08T10:38:32","date_gmt":"2023-09-08T13:38:32","guid":{"rendered":"https:\/\/amparobrindes.com.br\/?post_type=product&#038;p=969"},"modified":"2023-09-08T10:52:15","modified_gmt":"2023-09-08T13:52:15","slug":"cod-206-calendario-wire-o","status":"publish","type":"product","link":"https:\/\/amparobrindes.com.br\/?product=cod-206-calendario-wire-o","title":{"rendered":"C\u00f3d: 206 &#8211; Calend\u00e1rio Wire-O"},"content":{"rendered":"","protected":false},"excerpt":{"rendered":"<p>Calend\u00e1rio Wire- o<br \/>\nMaterial Couch\u00e9 Brilho 150g<br \/>\nMedida: 100x198mm<\/p>\n","protected":false},"featured_media":970,"comment_status":"open","ping_status":"closed","template":"","meta":[],"product_brand":[],"product_cat":[48,80,82,90,50,49],"product_tag":[],"class_list":{"0":"post-969","1":"product","2":"type-product","3":"status-publish","4":"has-post-thumbnail","6":"product_cat-brinde-segmento","7":"product_cat-calendario-de-mesa","8":"product_cat-calendario-de-mesa-wire-o","9":"product_cat-despachante-brinde-segmento","10":"product_cat-empresa-segmento","11":"product_cat-escritorio-seg","13":"first","14":"instock","15":"shipping-taxable","16":"product-type-simple"},"_links":{"self":[{"href":"https:\/\/amparobrindes.com.br\/index.php?rest_route=\/wp\/v2\/product\/969","targetHints":{"allow":["GET"]}}],"collection":[{"href":"https:\/\/amparobrindes.com.br\/index.php?rest_route=\/wp\/v2\/product"}],"about":[{"href":"https:\/\/amparobrindes.com.br\/index.php?rest_route=\/wp\/v2\/types\/product"}],"replies":[{"embeddable":true,"href":"https:\/\/amparobrindes.com.br\/index.php?rest_route=%2Fwp%2Fv2%2Fcomments&post=969"}],"wp:featuredmedia":[{"embeddable":true,"href":"https:\/\/amparobrindes.com.br\/index.php?rest_route=\/wp\/v2\/media\/970"}],"wp:attachment":[{"href":"https:\/\/amparobrindes.com.br\/index.php?rest_route=%2Fwp%2Fv2%2Fmedia&parent=969"}],"wp:term":[{"taxonomy":"product_brand","embeddable":true,"href":"https:\/\/amparobrindes.com.br\/index.php?rest_route=%2Fwp%2Fv2%2Fproduct_brand&post=969"},{"taxonomy":"product_cat","embeddable":true,"href":"https:\/\/amparobrindes.com.br\/index.php?rest_route=%2Fwp%2Fv2%2Fproduct_cat&post=969"},{"taxonomy":"product_tag","embeddable":true,"href":"https:\/\/amparobrindes.com.br\/index.php?rest_route=%2Fwp%2Fv2%2Fproduct_tag&post=969"}],"curies":[{"name":"wp","href":"https:\/\/api.w.org\/{rel}","templated":true}]}}