{"id":951,"date":"2023-09-01T16:35:57","date_gmt":"2023-09-01T19:35:57","guid":{"rendered":"https:\/\/amparobrindes.com.br\/?post_type=product&#038;p=951"},"modified":"2023-09-01T16:36:03","modified_gmt":"2023-09-01T19:36:03","slug":"cod-2415-caneta-executiva-modelo-14398","status":"publish","type":"product","link":"https:\/\/amparobrindes.com.br\/?product=cod-2415-caneta-executiva-modelo-14398","title":{"rendered":"C\u00f3d: 2415 Caneta Executiva &#8211; Modelo 14398"},"content":{"rendered":"","protected":false},"excerpt":{"rendered":"<p>Caneta Metal<\/p>\n<p>Descri\u00e7\u00e3o: Caneta met\u00e1lica com carga esferogr\u00e1fica azul e acionamento por rota\u00e7\u00e3o.<\/p>\n<p>Largura :  1,3 cm<\/p>\n<p>Comprimento :  13,5 cm<\/p>\n<p>Medidas aproximadas para grava\u00e7\u00e3o (CxL):  0,7 cm x 4,5 cm<\/p>\n<p>Peso aproximado (g):  21<\/p>\n","protected":false},"featured_media":952,"comment_status":"open","ping_status":"closed","template":"","meta":[],"product_brand":[],"product_cat":[48,63,21,34,51,50,49],"product_tag":[],"class_list":{"0":"post-951","1":"product","2":"type-product","3":"status-publish","4":"has-post-thumbnail","6":"product_cat-brinde-segmento","7":"product_cat-caneta-metal","8":"product_cat-canetas","9":"product_cat-datas-comemorativas","10":"product_cat-dia-dos-pais","11":"product_cat-empresa-segmento","12":"product_cat-escritorio-seg","14":"first","15":"instock","16":"shipping-taxable","17":"product-type-simple"},"_links":{"self":[{"href":"https:\/\/amparobrindes.com.br\/index.php?rest_route=\/wp\/v2\/product\/951","targetHints":{"allow":["GET"]}}],"collection":[{"href":"https:\/\/amparobrindes.com.br\/index.php?rest_route=\/wp\/v2\/product"}],"about":[{"href":"https:\/\/amparobrindes.com.br\/index.php?rest_route=\/wp\/v2\/types\/product"}],"replies":[{"embeddable":true,"href":"https:\/\/amparobrindes.com.br\/index.php?rest_route=%2Fwp%2Fv2%2Fcomments&post=951"}],"wp:featuredmedia":[{"embeddable":true,"href":"https:\/\/amparobrindes.com.br\/index.php?rest_route=\/wp\/v2\/media\/952"}],"wp:attachment":[{"href":"https:\/\/amparobrindes.com.br\/index.php?rest_route=%2Fwp%2Fv2%2Fmedia&parent=951"}],"wp:term":[{"taxonomy":"product_brand","embeddable":true,"href":"https:\/\/amparobrindes.com.br\/index.php?rest_route=%2Fwp%2Fv2%2Fproduct_brand&post=951"},{"taxonomy":"product_cat","embeddable":true,"href":"https:\/\/amparobrindes.com.br\/index.php?rest_route=%2Fwp%2Fv2%2Fproduct_cat&post=951"},{"taxonomy":"product_tag","embeddable":true,"href":"https:\/\/amparobrindes.com.br\/index.php?rest_route=%2Fwp%2Fv2%2Fproduct_tag&post=951"}],"curies":[{"name":"wp","href":"https:\/\/api.w.org\/{rel}","templated":true}]}}