{"id":949,"date":"2023-09-01T16:24:36","date_gmt":"2023-09-01T19:24:36","guid":{"rendered":"https:\/\/amparobrindes.com.br\/?post_type=product&#038;p=949"},"modified":"2023-09-01T16:25:45","modified_gmt":"2023-09-01T19:25:45","slug":"cod-2414-squeeze-inox-500ml-modelo-9139i","status":"publish","type":"product","link":"https:\/\/amparobrindes.com.br\/?product=cod-2414-squeeze-inox-500ml-modelo-9139i","title":{"rendered":"C\u00f3d: 2414 Squeeze Inox 500ml &#8211; Modelo 9139I"},"content":{"rendered":"","protected":false},"excerpt":{"rendered":"<p>Squeeze Inox 500ml<\/p>\n<p>Descri\u00e7\u00e3o: Squeeze 500ml de inox com pintura metalizada, tampa rosque\u00e1vel e acompanha um segundo bico com mosquet\u00e3o (n\u00e3o \u00e9 t\u00e9rmico).<\/p>\n<p>Medidas aproximadas para grava\u00e7\u00e3o (CxL):  14,3 cm x 6 cm<\/p>\n<p>Tamanho total aproximado  (CxL):  21,3 cm x 6,5 cm<\/p>\n<p>Peso aproximado (g):  142<\/p>\n","protected":false},"featured_media":950,"comment_status":"open","ping_status":"closed","template":"","meta":[],"product_brand":[],"product_cat":[98,48,34,96,97,51,50,49,47,112,29],"product_tag":[],"class_list":{"0":"post-949","1":"product","2":"type-product","3":"status-publish","4":"has-post-thumbnail","6":"product_cat-aniversarios","7":"product_cat-brinde-segmento","8":"product_cat-datas-comemorativas","9":"product_cat-dias-das-maes","10":"product_cat-dia-dos-namorados","11":"product_cat-dia-dos-pais","12":"product_cat-empresa-segmento","13":"product_cat-escritorio-seg","14":"product_cat-produtos","15":"product_cat-produtos-destaque","16":"product_cat-squeezes","18":"first","19":"instock","20":"shipping-taxable","21":"product-type-simple"},"_links":{"self":[{"href":"https:\/\/amparobrindes.com.br\/index.php?rest_route=\/wp\/v2\/product\/949","targetHints":{"allow":["GET"]}}],"collection":[{"href":"https:\/\/amparobrindes.com.br\/index.php?rest_route=\/wp\/v2\/product"}],"about":[{"href":"https:\/\/amparobrindes.com.br\/index.php?rest_route=\/wp\/v2\/types\/product"}],"replies":[{"embeddable":true,"href":"https:\/\/amparobrindes.com.br\/index.php?rest_route=%2Fwp%2Fv2%2Fcomments&post=949"}],"wp:featuredmedia":[{"embeddable":true,"href":"https:\/\/amparobrindes.com.br\/index.php?rest_route=\/wp\/v2\/media\/950"}],"wp:attachment":[{"href":"https:\/\/amparobrindes.com.br\/index.php?rest_route=%2Fwp%2Fv2%2Fmedia&parent=949"}],"wp:term":[{"taxonomy":"product_brand","embeddable":true,"href":"https:\/\/amparobrindes.com.br\/index.php?rest_route=%2Fwp%2Fv2%2Fproduct_brand&post=949"},{"taxonomy":"product_cat","embeddable":true,"href":"https:\/\/amparobrindes.com.br\/index.php?rest_route=%2Fwp%2Fv2%2Fproduct_cat&post=949"},{"taxonomy":"product_tag","embeddable":true,"href":"https:\/\/amparobrindes.com.br\/index.php?rest_route=%2Fwp%2Fv2%2Fproduct_tag&post=949"}],"curies":[{"name":"wp","href":"https:\/\/api.w.org\/{rel}","templated":true}]}}