{"id":947,"date":"2023-09-01T16:20:08","date_gmt":"2023-09-01T19:20:08","guid":{"rendered":"https:\/\/amparobrindes.com.br\/?post_type=product&#038;p=947"},"modified":"2024-05-31T16:02:32","modified_gmt":"2024-05-31T19:02:32","slug":"cod-2359-squeeze-metal-600ml-modelo-18558","status":"publish","type":"product","link":"https:\/\/amparobrindes.com.br\/?product=cod-2359-squeeze-metal-600ml-modelo-18558","title":{"rendered":"C\u00f3d: 2359 &#8211; Squeeze Metal 600ml &#8211; Modelo 18558"},"content":{"rendered":"","protected":false},"excerpt":{"rendered":"<p>Squeeze Metal 600ml<\/p>\n<p>Descri\u00e7\u00e3o: Squeeze metal 600ml com tampa rosque\u00e1vel pl\u00e1stica e bico transparente de acionamento manual. Acompanha al\u00e7a de nylon para transporte.<\/p>\n<p>Altura :  22 cm<\/p>\n<p>Largura :  7,2 cm<\/p>\n<p>Circunfer\u00eancia :  20,9 cm<\/p>\n<p>Medidas aproximadas para grava\u00e7\u00e3o (CxL):  17 cm x 5 cm<\/p>\n<p>Peso aproximado (g):  159<\/p>\n","protected":false},"featured_media":948,"comment_status":"open","ping_status":"closed","template":"","meta":[],"product_brand":[],"product_cat":[98,48,34,96,97,51,50,49,47,112,29],"product_tag":[],"class_list":{"0":"post-947","1":"product","2":"type-product","3":"status-publish","4":"has-post-thumbnail","6":"product_cat-aniversarios","7":"product_cat-brinde-segmento","8":"product_cat-datas-comemorativas","9":"product_cat-dias-das-maes","10":"product_cat-dia-dos-namorados","11":"product_cat-dia-dos-pais","12":"product_cat-empresa-segmento","13":"product_cat-escritorio-seg","14":"product_cat-produtos","15":"product_cat-produtos-destaque","16":"product_cat-squeezes","18":"first","19":"instock","20":"featured","21":"shipping-taxable","22":"product-type-simple"},"_links":{"self":[{"href":"https:\/\/amparobrindes.com.br\/index.php?rest_route=\/wp\/v2\/product\/947","targetHints":{"allow":["GET"]}}],"collection":[{"href":"https:\/\/amparobrindes.com.br\/index.php?rest_route=\/wp\/v2\/product"}],"about":[{"href":"https:\/\/amparobrindes.com.br\/index.php?rest_route=\/wp\/v2\/types\/product"}],"replies":[{"embeddable":true,"href":"https:\/\/amparobrindes.com.br\/index.php?rest_route=%2Fwp%2Fv2%2Fcomments&post=947"}],"wp:featuredmedia":[{"embeddable":true,"href":"https:\/\/amparobrindes.com.br\/index.php?rest_route=\/wp\/v2\/media\/948"}],"wp:attachment":[{"href":"https:\/\/amparobrindes.com.br\/index.php?rest_route=%2Fwp%2Fv2%2Fmedia&parent=947"}],"wp:term":[{"taxonomy":"product_brand","embeddable":true,"href":"https:\/\/amparobrindes.com.br\/index.php?rest_route=%2Fwp%2Fv2%2Fproduct_brand&post=947"},{"taxonomy":"product_cat","embeddable":true,"href":"https:\/\/amparobrindes.com.br\/index.php?rest_route=%2Fwp%2Fv2%2Fproduct_cat&post=947"},{"taxonomy":"product_tag","embeddable":true,"href":"https:\/\/amparobrindes.com.br\/index.php?rest_route=%2Fwp%2Fv2%2Fproduct_tag&post=947"}],"curies":[{"name":"wp","href":"https:\/\/api.w.org\/{rel}","templated":true}]}}