{"id":945,"date":"2023-09-01T16:16:32","date_gmt":"2023-09-01T19:16:32","guid":{"rendered":"https:\/\/amparobrindes.com.br\/?post_type=product&#038;p=945"},"modified":"2023-09-01T16:16:52","modified_gmt":"2023-09-01T19:16:52","slug":"cod-squeeze-aluminio-600ml-modelo-12487f","status":"publish","type":"product","link":"https:\/\/amparobrindes.com.br\/?product=cod-squeeze-aluminio-600ml-modelo-12487f","title":{"rendered":"C\u00f3d: Squeeze Alum\u00ednio 600ml &#8211; Modelo 12487F"},"content":{"rendered":"","protected":false},"excerpt":{"rendered":"<p>Squeeze Alum\u00ednio 600ml<\/p>\n<p>Descri\u00e7\u00e3o: Squeeze alum\u00ednio de 600ml com pintura fosca. Squeeze com tampa pl\u00e1stica rosque\u00e1vel, al\u00e7a e tampa protetora para o bocal.<\/p>\n<p>Altura :  21,1 cm<\/p>\n<p>Largura :  8,8 cm<\/p>\n<p>Circunfer\u00eancia :  22,6 cm<\/p>\n<p>Medidas aproximadas para grava\u00e7\u00e3o (CxL):  14,4 cm x 7 cm<\/p>\n<p>Peso aproximado (g):  113<\/p>\n","protected":false},"featured_media":946,"comment_status":"open","ping_status":"closed","template":"","meta":[],"product_brand":[],"product_cat":[98,34,96,97,51,50,49,47,112,29],"product_tag":[],"class_list":{"0":"post-945","1":"product","2":"type-product","3":"status-publish","4":"has-post-thumbnail","6":"product_cat-aniversarios","7":"product_cat-datas-comemorativas","8":"product_cat-dias-das-maes","9":"product_cat-dia-dos-namorados","10":"product_cat-dia-dos-pais","11":"product_cat-empresa-segmento","12":"product_cat-escritorio-seg","13":"product_cat-produtos","14":"product_cat-produtos-destaque","15":"product_cat-squeezes","17":"first","18":"instock","19":"shipping-taxable","20":"product-type-simple"},"_links":{"self":[{"href":"https:\/\/amparobrindes.com.br\/index.php?rest_route=\/wp\/v2\/product\/945","targetHints":{"allow":["GET"]}}],"collection":[{"href":"https:\/\/amparobrindes.com.br\/index.php?rest_route=\/wp\/v2\/product"}],"about":[{"href":"https:\/\/amparobrindes.com.br\/index.php?rest_route=\/wp\/v2\/types\/product"}],"replies":[{"embeddable":true,"href":"https:\/\/amparobrindes.com.br\/index.php?rest_route=%2Fwp%2Fv2%2Fcomments&post=945"}],"wp:featuredmedia":[{"embeddable":true,"href":"https:\/\/amparobrindes.com.br\/index.php?rest_route=\/wp\/v2\/media\/946"}],"wp:attachment":[{"href":"https:\/\/amparobrindes.com.br\/index.php?rest_route=%2Fwp%2Fv2%2Fmedia&parent=945"}],"wp:term":[{"taxonomy":"product_brand","embeddable":true,"href":"https:\/\/amparobrindes.com.br\/index.php?rest_route=%2Fwp%2Fv2%2Fproduct_brand&post=945"},{"taxonomy":"product_cat","embeddable":true,"href":"https:\/\/amparobrindes.com.br\/index.php?rest_route=%2Fwp%2Fv2%2Fproduct_cat&post=945"},{"taxonomy":"product_tag","embeddable":true,"href":"https:\/\/amparobrindes.com.br\/index.php?rest_route=%2Fwp%2Fv2%2Fproduct_tag&post=945"}],"curies":[{"name":"wp","href":"https:\/\/api.w.org\/{rel}","templated":true}]}}