{"id":943,"date":"2023-09-01T16:09:13","date_gmt":"2023-09-01T19:09:13","guid":{"rendered":"https:\/\/amparobrindes.com.br\/?post_type=product&#038;p=943"},"modified":"2023-09-01T16:13:13","modified_gmt":"2023-09-01T19:13:13","slug":"cod-2413-squeeze-dobravel-480ml-modelo-12459","status":"publish","type":"product","link":"https:\/\/amparobrindes.com.br\/?product=cod-2413-squeeze-dobravel-480ml-modelo-12459","title":{"rendered":"C\u00f3d: 2413 Squeeze Dobr\u00e1vel 480ml &#8211; Modelo 12459"},"content":{"rendered":"","protected":false},"excerpt":{"rendered":"<p>Squeeze Dobr\u00e1vel 480ml<\/p>\n<p>Descri\u00e7\u00e3o: Squeeze dobr\u00e1vel de pl\u00e1stico com 480ml. Squeeze colorido acinturado com mosquet\u00e3o superior de acordo com a cor do squeeze, possui tampa de bico texturizada e protetor pl\u00e1stico para o bico(com al\u00e7a).<\/p>\n<p>Altura :  26 cm<\/p>\n<p>Largura :  12,6 cm<\/p>\n<p>Medidas aproximadas para grava\u00e7\u00e3o (CxL):  19 cm x 7 cm<\/p>\n<p>Peso aproximado (g):  25<\/p>\n","protected":false},"featured_media":944,"comment_status":"open","ping_status":"closed","template":"","meta":[],"product_brand":[],"product_cat":[98,48,34,96,97,51,50,49,47,112,29],"product_tag":[],"class_list":{"0":"post-943","1":"product","2":"type-product","3":"status-publish","4":"has-post-thumbnail","6":"product_cat-aniversarios","7":"product_cat-brinde-segmento","8":"product_cat-datas-comemorativas","9":"product_cat-dias-das-maes","10":"product_cat-dia-dos-namorados","11":"product_cat-dia-dos-pais","12":"product_cat-empresa-segmento","13":"product_cat-escritorio-seg","14":"product_cat-produtos","15":"product_cat-produtos-destaque","16":"product_cat-squeezes","18":"first","19":"instock","20":"shipping-taxable","21":"product-type-simple"},"_links":{"self":[{"href":"https:\/\/amparobrindes.com.br\/index.php?rest_route=\/wp\/v2\/product\/943","targetHints":{"allow":["GET"]}}],"collection":[{"href":"https:\/\/amparobrindes.com.br\/index.php?rest_route=\/wp\/v2\/product"}],"about":[{"href":"https:\/\/amparobrindes.com.br\/index.php?rest_route=\/wp\/v2\/types\/product"}],"replies":[{"embeddable":true,"href":"https:\/\/amparobrindes.com.br\/index.php?rest_route=%2Fwp%2Fv2%2Fcomments&post=943"}],"wp:featuredmedia":[{"embeddable":true,"href":"https:\/\/amparobrindes.com.br\/index.php?rest_route=\/wp\/v2\/media\/944"}],"wp:attachment":[{"href":"https:\/\/amparobrindes.com.br\/index.php?rest_route=%2Fwp%2Fv2%2Fmedia&parent=943"}],"wp:term":[{"taxonomy":"product_brand","embeddable":true,"href":"https:\/\/amparobrindes.com.br\/index.php?rest_route=%2Fwp%2Fv2%2Fproduct_brand&post=943"},{"taxonomy":"product_cat","embeddable":true,"href":"https:\/\/amparobrindes.com.br\/index.php?rest_route=%2Fwp%2Fv2%2Fproduct_cat&post=943"},{"taxonomy":"product_tag","embeddable":true,"href":"https:\/\/amparobrindes.com.br\/index.php?rest_route=%2Fwp%2Fv2%2Fproduct_tag&post=943"}],"curies":[{"name":"wp","href":"https:\/\/api.w.org\/{rel}","templated":true}]}}