{"id":941,"date":"2023-09-01T15:55:32","date_gmt":"2023-09-01T18:55:32","guid":{"rendered":"https:\/\/amparobrindes.com.br\/?post_type=product&#038;p=941"},"modified":"2023-09-01T15:55:39","modified_gmt":"2023-09-01T18:55:39","slug":"cod-2412-squeeze-aluminio-500ml-modelo-9139a","status":"publish","type":"product","link":"https:\/\/amparobrindes.com.br\/?product=cod-2412-squeeze-aluminio-500ml-modelo-9139a","title":{"rendered":"C\u00f3d: 2412  Squeeze Alum\u00ednio 500ml &#8211; Modelo 9139A"},"content":{"rendered":"","protected":false},"excerpt":{"rendered":"<p>Squeeze Alum\u00ednio 500ml<\/p>\n<p>Descri\u00e7\u00e3o: Squeeze 500ml de alum\u00ednio com pintura metalizada, tampa rosque\u00e1vel e acompanha um segundo bico com mosquet\u00e3o (n\u00e3o \u00e9 t\u00e9rmico).<\/p>\n<p>Medidas aproximadas para grava\u00e7\u00e3o (CxL):  14,3 cm x 6 cm<\/p>\n<p>Tamanho total aproximado  (CxL):  21,3 cm x 6,5 cm<\/p>\n<p>Peso aproximado (g):  95<\/p>\n","protected":false},"featured_media":942,"comment_status":"open","ping_status":"closed","template":"","meta":[],"product_brand":[],"product_cat":[98,48,34,96,97,51,50,49,47,112,29],"product_tag":[],"class_list":{"0":"post-941","1":"product","2":"type-product","3":"status-publish","4":"has-post-thumbnail","6":"product_cat-aniversarios","7":"product_cat-brinde-segmento","8":"product_cat-datas-comemorativas","9":"product_cat-dias-das-maes","10":"product_cat-dia-dos-namorados","11":"product_cat-dia-dos-pais","12":"product_cat-empresa-segmento","13":"product_cat-escritorio-seg","14":"product_cat-produtos","15":"product_cat-produtos-destaque","16":"product_cat-squeezes","18":"first","19":"instock","20":"shipping-taxable","21":"product-type-simple"},"_links":{"self":[{"href":"https:\/\/amparobrindes.com.br\/index.php?rest_route=\/wp\/v2\/product\/941","targetHints":{"allow":["GET"]}}],"collection":[{"href":"https:\/\/amparobrindes.com.br\/index.php?rest_route=\/wp\/v2\/product"}],"about":[{"href":"https:\/\/amparobrindes.com.br\/index.php?rest_route=\/wp\/v2\/types\/product"}],"replies":[{"embeddable":true,"href":"https:\/\/amparobrindes.com.br\/index.php?rest_route=%2Fwp%2Fv2%2Fcomments&post=941"}],"wp:featuredmedia":[{"embeddable":true,"href":"https:\/\/amparobrindes.com.br\/index.php?rest_route=\/wp\/v2\/media\/942"}],"wp:attachment":[{"href":"https:\/\/amparobrindes.com.br\/index.php?rest_route=%2Fwp%2Fv2%2Fmedia&parent=941"}],"wp:term":[{"taxonomy":"product_brand","embeddable":true,"href":"https:\/\/amparobrindes.com.br\/index.php?rest_route=%2Fwp%2Fv2%2Fproduct_brand&post=941"},{"taxonomy":"product_cat","embeddable":true,"href":"https:\/\/amparobrindes.com.br\/index.php?rest_route=%2Fwp%2Fv2%2Fproduct_cat&post=941"},{"taxonomy":"product_tag","embeddable":true,"href":"https:\/\/amparobrindes.com.br\/index.php?rest_route=%2Fwp%2Fv2%2Fproduct_tag&post=941"}],"curies":[{"name":"wp","href":"https:\/\/api.w.org\/{rel}","templated":true}]}}