{"id":939,"date":"2023-09-01T15:52:26","date_gmt":"2023-09-01T18:52:26","guid":{"rendered":"https:\/\/amparobrindes.com.br\/?post_type=product&#038;p=939"},"modified":"2023-09-01T15:52:40","modified_gmt":"2023-09-01T18:52:40","slug":"cod-2317-squeeze-aluminio-600ml-modelo-12487b","status":"publish","type":"product","link":"https:\/\/amparobrindes.com.br\/?product=cod-2317-squeeze-aluminio-600ml-modelo-12487b","title":{"rendered":"C\u00f3d: 2317 &#8211; Squeeze Alum\u00ednio 600ml &#8211; Modelo 12487B"},"content":{"rendered":"","protected":false},"excerpt":{"rendered":"<p>Squeeze Alum\u00ednio 600ml<\/p>\n<p>Descri\u00e7\u00e3o: Squeeze alum\u00ednio de 600ml com pintura brilhante. Squeeze com tampa pl\u00e1stica rosque\u00e1vel, al\u00e7a e tampa protetora para o bocal.<\/p>\n<p>Altura :  21,1 cm<\/p>\n<p>Largura :  8,8 cm<\/p>\n<p>Circunfer\u00eancia :  22,6 cm<\/p>\n<p>Medidas aproximadas para grava\u00e7\u00e3o (CxL):  14,4 cm x 7 cm<\/p>\n<p>Peso aproximado (g):  113<\/p>\n","protected":false},"featured_media":940,"comment_status":"open","ping_status":"closed","template":"","meta":[],"product_brand":[],"product_cat":[98,48,34,96,97,51,50,49,47,112,29],"product_tag":[],"class_list":{"0":"post-939","1":"product","2":"type-product","3":"status-publish","4":"has-post-thumbnail","6":"product_cat-aniversarios","7":"product_cat-brinde-segmento","8":"product_cat-datas-comemorativas","9":"product_cat-dias-das-maes","10":"product_cat-dia-dos-namorados","11":"product_cat-dia-dos-pais","12":"product_cat-empresa-segmento","13":"product_cat-escritorio-seg","14":"product_cat-produtos","15":"product_cat-produtos-destaque","16":"product_cat-squeezes","18":"first","19":"instock","20":"shipping-taxable","21":"product-type-simple"},"_links":{"self":[{"href":"https:\/\/amparobrindes.com.br\/index.php?rest_route=\/wp\/v2\/product\/939","targetHints":{"allow":["GET"]}}],"collection":[{"href":"https:\/\/amparobrindes.com.br\/index.php?rest_route=\/wp\/v2\/product"}],"about":[{"href":"https:\/\/amparobrindes.com.br\/index.php?rest_route=\/wp\/v2\/types\/product"}],"replies":[{"embeddable":true,"href":"https:\/\/amparobrindes.com.br\/index.php?rest_route=%2Fwp%2Fv2%2Fcomments&post=939"}],"wp:featuredmedia":[{"embeddable":true,"href":"https:\/\/amparobrindes.com.br\/index.php?rest_route=\/wp\/v2\/media\/940"}],"wp:attachment":[{"href":"https:\/\/amparobrindes.com.br\/index.php?rest_route=%2Fwp%2Fv2%2Fmedia&parent=939"}],"wp:term":[{"taxonomy":"product_brand","embeddable":true,"href":"https:\/\/amparobrindes.com.br\/index.php?rest_route=%2Fwp%2Fv2%2Fproduct_brand&post=939"},{"taxonomy":"product_cat","embeddable":true,"href":"https:\/\/amparobrindes.com.br\/index.php?rest_route=%2Fwp%2Fv2%2Fproduct_cat&post=939"},{"taxonomy":"product_tag","embeddable":true,"href":"https:\/\/amparobrindes.com.br\/index.php?rest_route=%2Fwp%2Fv2%2Fproduct_tag&post=939"}],"curies":[{"name":"wp","href":"https:\/\/api.w.org\/{rel}","templated":true}]}}