{"id":937,"date":"2023-09-01T15:48:11","date_gmt":"2023-09-01T18:48:11","guid":{"rendered":"https:\/\/amparobrindes.com.br\/?post_type=product&#038;p=937"},"modified":"2023-09-01T15:48:56","modified_gmt":"2023-09-01T18:48:56","slug":"cod-2411-squeeze-aluminio-420ml-modelo-9138","status":"publish","type":"product","link":"https:\/\/amparobrindes.com.br\/?product=cod-2411-squeeze-aluminio-420ml-modelo-9138","title":{"rendered":"C\u00f3d: 2411 &#8211; Squeeze Alum\u00ednio 420ml &#8211; Modelo 9138"},"content":{"rendered":"","protected":false},"excerpt":{"rendered":"<p>Squeeze Alum\u00ednio 420ml<\/p>\n<p>Descri\u00e7\u00e3o: Squeeze de alum\u00ednio com capacidade de 420ml com tampa pl\u00e1stica rosque\u00e1vel. Acompanha mosquet\u00e3o.<\/p>\n<p>Altura :  17,6 cm<\/p>\n<p>Largura :  6,6 cm<\/p>\n<p>Circunfer\u00eancia :  20,5 cm<\/p>\n<p>Medidas aproximadas para grava\u00e7\u00e3o (CxL):  10 cm x 3 cm<\/p>\n<p>Tamanho total aproximado  (CxL):  Di\u00e2metro bocal 2,3 cm<\/p>\n<p>Peso aproximado (g):  65<\/p>\n","protected":false},"featured_media":938,"comment_status":"open","ping_status":"closed","template":"","meta":[],"product_brand":[],"product_cat":[98,48,34,96,97,51,50,49,104,112,29],"product_tag":[],"class_list":{"0":"post-937","1":"product","2":"type-product","3":"status-publish","4":"has-post-thumbnail","6":"product_cat-aniversarios","7":"product_cat-brinde-segmento","8":"product_cat-datas-comemorativas","9":"product_cat-dias-das-maes","10":"product_cat-dia-dos-namorados","11":"product_cat-dia-dos-pais","12":"product_cat-empresa-segmento","13":"product_cat-escritorio-seg","14":"product_cat-mais-vendidos","15":"product_cat-produtos-destaque","16":"product_cat-squeezes","18":"first","19":"instock","20":"shipping-taxable","21":"product-type-simple"},"_links":{"self":[{"href":"https:\/\/amparobrindes.com.br\/index.php?rest_route=\/wp\/v2\/product\/937","targetHints":{"allow":["GET"]}}],"collection":[{"href":"https:\/\/amparobrindes.com.br\/index.php?rest_route=\/wp\/v2\/product"}],"about":[{"href":"https:\/\/amparobrindes.com.br\/index.php?rest_route=\/wp\/v2\/types\/product"}],"replies":[{"embeddable":true,"href":"https:\/\/amparobrindes.com.br\/index.php?rest_route=%2Fwp%2Fv2%2Fcomments&post=937"}],"wp:featuredmedia":[{"embeddable":true,"href":"https:\/\/amparobrindes.com.br\/index.php?rest_route=\/wp\/v2\/media\/938"}],"wp:attachment":[{"href":"https:\/\/amparobrindes.com.br\/index.php?rest_route=%2Fwp%2Fv2%2Fmedia&parent=937"}],"wp:term":[{"taxonomy":"product_brand","embeddable":true,"href":"https:\/\/amparobrindes.com.br\/index.php?rest_route=%2Fwp%2Fv2%2Fproduct_brand&post=937"},{"taxonomy":"product_cat","embeddable":true,"href":"https:\/\/amparobrindes.com.br\/index.php?rest_route=%2Fwp%2Fv2%2Fproduct_cat&post=937"},{"taxonomy":"product_tag","embeddable":true,"href":"https:\/\/amparobrindes.com.br\/index.php?rest_route=%2Fwp%2Fv2%2Fproduct_tag&post=937"}],"curies":[{"name":"wp","href":"https:\/\/api.w.org\/{rel}","templated":true}]}}