{"id":934,"date":"2023-08-30T09:04:19","date_gmt":"2023-08-30T12:04:19","guid":{"rendered":"https:\/\/amparobrindes.com.br\/?post_type=product&#038;p=934"},"modified":"2023-08-30T09:04:30","modified_gmt":"2023-08-30T12:04:30","slug":"cod-2410-chaveiro-executivo-modelo-18691","status":"publish","type":"product","link":"https:\/\/amparobrindes.com.br\/?product=cod-2410-chaveiro-executivo-modelo-18691","title":{"rendered":"C\u00f3d: 2410 &#8211; Chaveiro Executivo &#8211; Modelo 18691"},"content":{"rendered":"","protected":false},"excerpt":{"rendered":"<p>Chaveiro Metal Abridor<\/p>\n<p>Descri\u00e7\u00e3o: Chaveiro abridor met\u00e1lico formato casa.<\/p>\n<p>Altura :  5,6 cm<\/p>\n<p>Largura :  3,8 cm<\/p>\n<p>Espessura :  0,2 cm<\/p>\n<p>Comprimento :  com argola 8,2cm<\/p>\n<p>Medidas aproximadas para grava\u00e7\u00e3o (CxL):  1,3 cm x 3 cm<\/p>\n<p>Peso aproximado (g):  19<\/p>\n","protected":false},"featured_media":935,"comment_status":"open","ping_status":"closed","template":"","meta":[],"product_brand":[],"product_cat":[48,92,19,34,90,51,50,49],"product_tag":[],"class_list":{"0":"post-934","1":"product","2":"type-product","3":"status-publish","4":"has-post-thumbnail","6":"product_cat-brinde-segmento","7":"product_cat-chaveiro-metal-executivo","8":"product_cat-chaveiros","9":"product_cat-datas-comemorativas","10":"product_cat-despachante-brinde-segmento","11":"product_cat-dia-dos-pais","12":"product_cat-empresa-segmento","13":"product_cat-escritorio-seg","15":"first","16":"instock","17":"shipping-taxable","18":"product-type-simple"},"_links":{"self":[{"href":"https:\/\/amparobrindes.com.br\/index.php?rest_route=\/wp\/v2\/product\/934","targetHints":{"allow":["GET"]}}],"collection":[{"href":"https:\/\/amparobrindes.com.br\/index.php?rest_route=\/wp\/v2\/product"}],"about":[{"href":"https:\/\/amparobrindes.com.br\/index.php?rest_route=\/wp\/v2\/types\/product"}],"replies":[{"embeddable":true,"href":"https:\/\/amparobrindes.com.br\/index.php?rest_route=%2Fwp%2Fv2%2Fcomments&post=934"}],"wp:featuredmedia":[{"embeddable":true,"href":"https:\/\/amparobrindes.com.br\/index.php?rest_route=\/wp\/v2\/media\/935"}],"wp:attachment":[{"href":"https:\/\/amparobrindes.com.br\/index.php?rest_route=%2Fwp%2Fv2%2Fmedia&parent=934"}],"wp:term":[{"taxonomy":"product_brand","embeddable":true,"href":"https:\/\/amparobrindes.com.br\/index.php?rest_route=%2Fwp%2Fv2%2Fproduct_brand&post=934"},{"taxonomy":"product_cat","embeddable":true,"href":"https:\/\/amparobrindes.com.br\/index.php?rest_route=%2Fwp%2Fv2%2Fproduct_cat&post=934"},{"taxonomy":"product_tag","embeddable":true,"href":"https:\/\/amparobrindes.com.br\/index.php?rest_route=%2Fwp%2Fv2%2Fproduct_tag&post=934"}],"curies":[{"name":"wp","href":"https:\/\/api.w.org\/{rel}","templated":true}]}}