{"id":928,"date":"2023-08-29T15:56:50","date_gmt":"2023-08-29T18:56:50","guid":{"rendered":"https:\/\/amparobrindes.com.br\/?post_type=product&#038;p=928"},"modified":"2023-08-29T15:57:01","modified_gmt":"2023-08-29T18:57:01","slug":"cod-328-chaveiro-executivo-modelo-12965","status":"publish","type":"product","link":"https:\/\/amparobrindes.com.br\/?product=cod-328-chaveiro-executivo-modelo-12965","title":{"rendered":"C\u00f3d: 328 &#8211; Chaveiro Executivo &#8211; Modelo 12965"},"content":{"rendered":"","protected":false},"excerpt":{"rendered":"<p>Chaveiro Metal Mosquet\u00e3o<\/p>\n<p>Descri\u00e7\u00e3o: Chaveiro metal mosquet\u00e3o(sem trava) com al\u00e7a de couro sint\u00e9tico. Possui chapa frontal quadrada em inox e verso brilhante.<\/p>\n<p>Medidas aproximadas para grava\u00e7\u00e3o (CxL):  1,9 cm x 1,8 cm<\/p>\n<p>Tamanho total aproximado  (CxL):  9,2 cm x 3,4 cm<\/p>\n<p>Peso aproximado (g):  26<\/p>\n","protected":false},"featured_media":929,"comment_status":"open","ping_status":"closed","template":"","meta":[],"product_brand":[],"product_cat":[79,48,93,92,95,19,34,51,49],"product_tag":[],"class_list":{"0":"post-928","1":"product","2":"type-product","3":"status-publish","4":"has-post-thumbnail","6":"product_cat-automotivo","7":"product_cat-brinde-segmento","8":"product_cat-chaveiro-carro-material-sintetico","9":"product_cat-chaveiro-metal-executivo","10":"product_cat-chaveiro-moto","11":"product_cat-chaveiros","12":"product_cat-datas-comemorativas","13":"product_cat-dia-dos-pais","14":"product_cat-escritorio-seg","16":"first","17":"instock","18":"shipping-taxable","19":"product-type-simple"},"_links":{"self":[{"href":"https:\/\/amparobrindes.com.br\/index.php?rest_route=\/wp\/v2\/product\/928","targetHints":{"allow":["GET"]}}],"collection":[{"href":"https:\/\/amparobrindes.com.br\/index.php?rest_route=\/wp\/v2\/product"}],"about":[{"href":"https:\/\/amparobrindes.com.br\/index.php?rest_route=\/wp\/v2\/types\/product"}],"replies":[{"embeddable":true,"href":"https:\/\/amparobrindes.com.br\/index.php?rest_route=%2Fwp%2Fv2%2Fcomments&post=928"}],"wp:featuredmedia":[{"embeddable":true,"href":"https:\/\/amparobrindes.com.br\/index.php?rest_route=\/wp\/v2\/media\/929"}],"wp:attachment":[{"href":"https:\/\/amparobrindes.com.br\/index.php?rest_route=%2Fwp%2Fv2%2Fmedia&parent=928"}],"wp:term":[{"taxonomy":"product_brand","embeddable":true,"href":"https:\/\/amparobrindes.com.br\/index.php?rest_route=%2Fwp%2Fv2%2Fproduct_brand&post=928"},{"taxonomy":"product_cat","embeddable":true,"href":"https:\/\/amparobrindes.com.br\/index.php?rest_route=%2Fwp%2Fv2%2Fproduct_cat&post=928"},{"taxonomy":"product_tag","embeddable":true,"href":"https:\/\/amparobrindes.com.br\/index.php?rest_route=%2Fwp%2Fv2%2Fproduct_tag&post=928"}],"curies":[{"name":"wp","href":"https:\/\/api.w.org\/{rel}","templated":true}]}}