{"id":920,"date":"2023-08-29T15:43:15","date_gmt":"2023-08-29T18:43:15","guid":{"rendered":"https:\/\/amparobrindes.com.br\/?post_type=product&#038;p=920"},"modified":"2023-08-29T15:43:21","modified_gmt":"2023-08-29T18:43:21","slug":"cod-2407-chaveiro-casa-plaquinha-modelo-10200","status":"publish","type":"product","link":"https:\/\/amparobrindes.com.br\/?product=cod-2407-chaveiro-casa-plaquinha-modelo-10200","title":{"rendered":"C\u00f3d: 2407 &#8211; Chaveiro Casa Plaquinha &#8211; Modelo 10200"},"content":{"rendered":"","protected":false},"excerpt":{"rendered":"<p>Chaveiro Metal Plaquinha<\/p>\n<p>Descri\u00e7\u00e3o: Chaveiro plaquinha met\u00e1lica em formato casa com pintura fosca, frente e verso liso.<\/p>\n<p>Medidas aproximadas para grava\u00e7\u00e3o (CxL):  2,8 cm x 2,8 cm<\/p>\n<p>Tamanho total aproximado  (CxL):  6,6 cm x 3,9 cm<\/p>\n<p>Peso aproximado (g):  8<\/p>\n","protected":false},"featured_media":921,"comment_status":"open","ping_status":"closed","template":"","meta":[],"product_brand":[],"product_cat":[48,92,19,34,90,51,50,49],"product_tag":[],"class_list":{"0":"post-920","1":"product","2":"type-product","3":"status-publish","4":"has-post-thumbnail","6":"product_cat-brinde-segmento","7":"product_cat-chaveiro-metal-executivo","8":"product_cat-chaveiros","9":"product_cat-datas-comemorativas","10":"product_cat-despachante-brinde-segmento","11":"product_cat-dia-dos-pais","12":"product_cat-empresa-segmento","13":"product_cat-escritorio-seg","15":"first","16":"instock","17":"shipping-taxable","18":"product-type-simple"},"_links":{"self":[{"href":"https:\/\/amparobrindes.com.br\/index.php?rest_route=\/wp\/v2\/product\/920","targetHints":{"allow":["GET"]}}],"collection":[{"href":"https:\/\/amparobrindes.com.br\/index.php?rest_route=\/wp\/v2\/product"}],"about":[{"href":"https:\/\/amparobrindes.com.br\/index.php?rest_route=\/wp\/v2\/types\/product"}],"replies":[{"embeddable":true,"href":"https:\/\/amparobrindes.com.br\/index.php?rest_route=%2Fwp%2Fv2%2Fcomments&post=920"}],"wp:featuredmedia":[{"embeddable":true,"href":"https:\/\/amparobrindes.com.br\/index.php?rest_route=\/wp\/v2\/media\/921"}],"wp:attachment":[{"href":"https:\/\/amparobrindes.com.br\/index.php?rest_route=%2Fwp%2Fv2%2Fmedia&parent=920"}],"wp:term":[{"taxonomy":"product_brand","embeddable":true,"href":"https:\/\/amparobrindes.com.br\/index.php?rest_route=%2Fwp%2Fv2%2Fproduct_brand&post=920"},{"taxonomy":"product_cat","embeddable":true,"href":"https:\/\/amparobrindes.com.br\/index.php?rest_route=%2Fwp%2Fv2%2Fproduct_cat&post=920"},{"taxonomy":"product_tag","embeddable":true,"href":"https:\/\/amparobrindes.com.br\/index.php?rest_route=%2Fwp%2Fv2%2Fproduct_tag&post=920"}],"curies":[{"name":"wp","href":"https:\/\/api.w.org\/{rel}","templated":true}]}}