{"id":908,"date":"2023-08-28T20:04:13","date_gmt":"2023-08-28T23:04:13","guid":{"rendered":"https:\/\/amparobrindes.com.br\/?post_type=product&#038;p=908"},"modified":"2023-08-28T20:05:04","modified_gmt":"2023-08-28T23:05:04","slug":"cod-2311-caneta-metal-triangular-modelo-191b","status":"publish","type":"product","link":"https:\/\/amparobrindes.com.br\/?product=cod-2311-caneta-metal-triangular-modelo-191b","title":{"rendered":"C\u00f3d: 2311 &#8211; Caneta Metal Triangular &#8211; Modelo 191B"},"content":{"rendered":"","protected":false},"excerpt":{"rendered":"<p>Caneta Metal Triangular<\/p>\n<p>Descri\u00e7\u00e3o: Caneta met\u00e1lica triangular com carga esferogr\u00e1fica azul e acionamento por clique.<\/p>\n<p>Altura :  14cm<\/p>\n<p>Largura :  1,6cm<\/p>\n<p>Medidas aproximadas para grava\u00e7\u00e3o (CxL):  4,5 cm x 0,7 cm<\/p>\n<p>Tamanho total aproximado  (CxL):  14 cm x 1,6 cm<\/p>\n<p>Peso aproximado (g):  19<\/p>\n","protected":false},"featured_media":909,"comment_status":"open","ping_status":"closed","template":"","meta":[],"product_brand":[],"product_cat":[63,21],"product_tag":[],"class_list":{"0":"post-908","1":"product","2":"type-product","3":"status-publish","4":"has-post-thumbnail","6":"product_cat-caneta-metal","7":"product_cat-canetas","9":"first","10":"instock","11":"shipping-taxable","12":"product-type-simple"},"_links":{"self":[{"href":"https:\/\/amparobrindes.com.br\/index.php?rest_route=\/wp\/v2\/product\/908","targetHints":{"allow":["GET"]}}],"collection":[{"href":"https:\/\/amparobrindes.com.br\/index.php?rest_route=\/wp\/v2\/product"}],"about":[{"href":"https:\/\/amparobrindes.com.br\/index.php?rest_route=\/wp\/v2\/types\/product"}],"replies":[{"embeddable":true,"href":"https:\/\/amparobrindes.com.br\/index.php?rest_route=%2Fwp%2Fv2%2Fcomments&post=908"}],"wp:featuredmedia":[{"embeddable":true,"href":"https:\/\/amparobrindes.com.br\/index.php?rest_route=\/wp\/v2\/media\/909"}],"wp:attachment":[{"href":"https:\/\/amparobrindes.com.br\/index.php?rest_route=%2Fwp%2Fv2%2Fmedia&parent=908"}],"wp:term":[{"taxonomy":"product_brand","embeddable":true,"href":"https:\/\/amparobrindes.com.br\/index.php?rest_route=%2Fwp%2Fv2%2Fproduct_brand&post=908"},{"taxonomy":"product_cat","embeddable":true,"href":"https:\/\/amparobrindes.com.br\/index.php?rest_route=%2Fwp%2Fv2%2Fproduct_cat&post=908"},{"taxonomy":"product_tag","embeddable":true,"href":"https:\/\/amparobrindes.com.br\/index.php?rest_route=%2Fwp%2Fv2%2Fproduct_tag&post=908"}],"curies":[{"name":"wp","href":"https:\/\/api.w.org\/{rel}","templated":true}]}}