{"id":906,"date":"2023-08-28T19:56:53","date_gmt":"2023-08-28T22:56:53","guid":{"rendered":"https:\/\/amparobrindes.com.br\/?post_type=product&#038;p=906"},"modified":"2023-08-28T19:59:15","modified_gmt":"2023-08-28T22:59:15","slug":"cod-2405-caneta-metal-modelo-120b1","status":"publish","type":"product","link":"https:\/\/amparobrindes.com.br\/?product=cod-2405-caneta-metal-modelo-120b1","title":{"rendered":"C\u00f3d: 2405 &#8211; Caneta Metal &#8211; Modelo 120B1"},"content":{"rendered":"","protected":false},"excerpt":{"rendered":"<p>Caneta Metal<\/p>\n<p>Descri\u00e7\u00e3o: Caneta met\u00e1lica com detalhe emborrachado, carga esferogr\u00e1fica azul e acionamento por clique.<\/p>\n<p>Medidas aproximadas para grava\u00e7\u00e3o (CxL):  3,5 cm x 0,7 cm \u2013 Clip 4 cm x 0,6 cm<\/p>\n<p>Tamanho total aproximado  (CxL):  14 cm x 1,5 cm<\/p>\n<p>Peso aproximado (g):  13<\/p>\n","protected":false},"featured_media":907,"comment_status":"open","ping_status":"closed","template":"","meta":[],"product_brand":[],"product_cat":[63,21],"product_tag":[],"class_list":{"0":"post-906","1":"product","2":"type-product","3":"status-publish","4":"has-post-thumbnail","6":"product_cat-caneta-metal","7":"product_cat-canetas","9":"first","10":"instock","11":"shipping-taxable","12":"product-type-simple"},"_links":{"self":[{"href":"https:\/\/amparobrindes.com.br\/index.php?rest_route=\/wp\/v2\/product\/906","targetHints":{"allow":["GET"]}}],"collection":[{"href":"https:\/\/amparobrindes.com.br\/index.php?rest_route=\/wp\/v2\/product"}],"about":[{"href":"https:\/\/amparobrindes.com.br\/index.php?rest_route=\/wp\/v2\/types\/product"}],"replies":[{"embeddable":true,"href":"https:\/\/amparobrindes.com.br\/index.php?rest_route=%2Fwp%2Fv2%2Fcomments&post=906"}],"wp:featuredmedia":[{"embeddable":true,"href":"https:\/\/amparobrindes.com.br\/index.php?rest_route=\/wp\/v2\/media\/907"}],"wp:attachment":[{"href":"https:\/\/amparobrindes.com.br\/index.php?rest_route=%2Fwp%2Fv2%2Fmedia&parent=906"}],"wp:term":[{"taxonomy":"product_brand","embeddable":true,"href":"https:\/\/amparobrindes.com.br\/index.php?rest_route=%2Fwp%2Fv2%2Fproduct_brand&post=906"},{"taxonomy":"product_cat","embeddable":true,"href":"https:\/\/amparobrindes.com.br\/index.php?rest_route=%2Fwp%2Fv2%2Fproduct_cat&post=906"},{"taxonomy":"product_tag","embeddable":true,"href":"https:\/\/amparobrindes.com.br\/index.php?rest_route=%2Fwp%2Fv2%2Fproduct_tag&post=906"}],"curies":[{"name":"wp","href":"https:\/\/api.w.org\/{rel}","templated":true}]}}