{"id":898,"date":"2023-08-28T19:18:34","date_gmt":"2023-08-28T22:18:34","guid":{"rendered":"https:\/\/amparobrindes.com.br\/?post_type=product&#038;p=898"},"modified":"2024-05-31T16:03:00","modified_gmt":"2024-05-31T19:03:00","slug":"cod-2402-caneta-metal-modelo-163-k03","status":"publish","type":"product","link":"https:\/\/amparobrindes.com.br\/?product=cod-2402-caneta-metal-modelo-163-k03","title":{"rendered":"C\u00f3d: 2402 &#8211; Caneta Metal &#8211; Modelo 163\/k03"},"content":{"rendered":"","protected":false},"excerpt":{"rendered":"<p>Caneta Metal<\/p>\n<p>Descri\u00e7\u00e3o: Caneta met\u00e1lica com carga esferogr\u00e1fica azul e acionamento por rota\u00e7\u00e3o.<\/p>\n<p>Medidas aproximadas para grava\u00e7\u00e3o (CxL):  4,5 cm x 0,8 cm<\/p>\n<p>Tamanho total aproximado  (CxL):  13,4 cm x 1,4 cm<\/p>\n<p>Peso aproximado (g):  21<\/p>\n<p>AZUL\tPRATA\tPRETO\t <\/p>\n","protected":false},"featured_media":899,"comment_status":"open","ping_status":"closed","template":"","meta":[],"product_brand":[],"product_cat":[63,21],"product_tag":[],"class_list":{"0":"post-898","1":"product","2":"type-product","3":"status-publish","4":"has-post-thumbnail","6":"product_cat-caneta-metal","7":"product_cat-canetas","9":"first","10":"instock","11":"featured","12":"shipping-taxable","13":"product-type-simple"},"_links":{"self":[{"href":"https:\/\/amparobrindes.com.br\/index.php?rest_route=\/wp\/v2\/product\/898","targetHints":{"allow":["GET"]}}],"collection":[{"href":"https:\/\/amparobrindes.com.br\/index.php?rest_route=\/wp\/v2\/product"}],"about":[{"href":"https:\/\/amparobrindes.com.br\/index.php?rest_route=\/wp\/v2\/types\/product"}],"replies":[{"embeddable":true,"href":"https:\/\/amparobrindes.com.br\/index.php?rest_route=%2Fwp%2Fv2%2Fcomments&post=898"}],"wp:featuredmedia":[{"embeddable":true,"href":"https:\/\/amparobrindes.com.br\/index.php?rest_route=\/wp\/v2\/media\/899"}],"wp:attachment":[{"href":"https:\/\/amparobrindes.com.br\/index.php?rest_route=%2Fwp%2Fv2%2Fmedia&parent=898"}],"wp:term":[{"taxonomy":"product_brand","embeddable":true,"href":"https:\/\/amparobrindes.com.br\/index.php?rest_route=%2Fwp%2Fv2%2Fproduct_brand&post=898"},{"taxonomy":"product_cat","embeddable":true,"href":"https:\/\/amparobrindes.com.br\/index.php?rest_route=%2Fwp%2Fv2%2Fproduct_cat&post=898"},{"taxonomy":"product_tag","embeddable":true,"href":"https:\/\/amparobrindes.com.br\/index.php?rest_route=%2Fwp%2Fv2%2Fproduct_tag&post=898"}],"curies":[{"name":"wp","href":"https:\/\/api.w.org\/{rel}","templated":true}]}}