{"id":896,"date":"2023-08-28T18:55:20","date_gmt":"2023-08-28T21:55:20","guid":{"rendered":"https:\/\/amparobrindes.com.br\/?post_type=product&#038;p=896"},"modified":"2023-08-28T18:56:11","modified_gmt":"2023-08-28T21:56:11","slug":"cod-2088-caneta-metal-touch-modelo-2088","status":"publish","type":"product","link":"https:\/\/amparobrindes.com.br\/?product=cod-2088-caneta-metal-touch-modelo-2088","title":{"rendered":"C\u00f3d: 2401 &#8211; Caneta Metal Touch &#8211; Modelo 2088"},"content":{"rendered":"","protected":false},"excerpt":{"rendered":"<p>Caneta Metal Touch<\/p>\n<p>Descri\u00e7\u00e3o: Caneta met\u00e1lica com touch screen, carga esferogr\u00e1fica azul e acionamento por clique.<\/p>\n<p>Medidas aproximadas para grava\u00e7\u00e3o (CxL):  5 cm x 0,8 cm<\/p>\n<p>Tamanho total aproximado  (CxL):  14,2 cm x 1,4 cm<\/p>\n<p>Peso aproximado (g):  17<\/p>\n","protected":false},"featured_media":897,"comment_status":"open","ping_status":"closed","template":"","meta":[],"product_brand":[],"product_cat":[63,68,21],"product_tag":[],"class_list":{"0":"post-896","1":"product","2":"type-product","3":"status-publish","4":"has-post-thumbnail","6":"product_cat-caneta-metal","7":"product_cat-caneta-touch","8":"product_cat-canetas","10":"first","11":"instock","12":"shipping-taxable","13":"product-type-simple"},"_links":{"self":[{"href":"https:\/\/amparobrindes.com.br\/index.php?rest_route=\/wp\/v2\/product\/896","targetHints":{"allow":["GET"]}}],"collection":[{"href":"https:\/\/amparobrindes.com.br\/index.php?rest_route=\/wp\/v2\/product"}],"about":[{"href":"https:\/\/amparobrindes.com.br\/index.php?rest_route=\/wp\/v2\/types\/product"}],"replies":[{"embeddable":true,"href":"https:\/\/amparobrindes.com.br\/index.php?rest_route=%2Fwp%2Fv2%2Fcomments&post=896"}],"wp:featuredmedia":[{"embeddable":true,"href":"https:\/\/amparobrindes.com.br\/index.php?rest_route=\/wp\/v2\/media\/897"}],"wp:attachment":[{"href":"https:\/\/amparobrindes.com.br\/index.php?rest_route=%2Fwp%2Fv2%2Fmedia&parent=896"}],"wp:term":[{"taxonomy":"product_brand","embeddable":true,"href":"https:\/\/amparobrindes.com.br\/index.php?rest_route=%2Fwp%2Fv2%2Fproduct_brand&post=896"},{"taxonomy":"product_cat","embeddable":true,"href":"https:\/\/amparobrindes.com.br\/index.php?rest_route=%2Fwp%2Fv2%2Fproduct_cat&post=896"},{"taxonomy":"product_tag","embeddable":true,"href":"https:\/\/amparobrindes.com.br\/index.php?rest_route=%2Fwp%2Fv2%2Fproduct_tag&post=896"}],"curies":[{"name":"wp","href":"https:\/\/api.w.org\/{rel}","templated":true}]}}