{"id":894,"date":"2023-08-28T18:45:36","date_gmt":"2023-08-28T21:45:36","guid":{"rendered":"https:\/\/amparobrindes.com.br\/?post_type=product&#038;p=894"},"modified":"2023-08-28T18:45:42","modified_gmt":"2023-08-28T21:45:42","slug":"cod-2299-caneta-metal-touch-modelo-2055","status":"publish","type":"product","link":"https:\/\/amparobrindes.com.br\/?product=cod-2299-caneta-metal-touch-modelo-2055","title":{"rendered":"C\u00f3d: 2299 &#8211; Caneta Metal Touch &#8211; Modelo 2055"},"content":{"rendered":"","protected":false},"excerpt":{"rendered":"<p>Caneta Metal Touch<\/p>\n<p>Descri\u00e7\u00e3o: Caneta met\u00e1lica com ponteira touch screen, carga esferogr\u00e1fica azul e acionamento por clique.<\/p>\n<p>Medidas aproximadas para grava\u00e7\u00e3o (CxL):  3,5 cm x 0,8 cm<\/p>\n<p>Tamanho total aproximado  (CxL):  14,3 cm x 1,5 cm<\/p>\n<p>Peso aproximado (g):  17<\/p>\n","protected":false},"featured_media":895,"comment_status":"open","ping_status":"closed","template":"","meta":[],"product_brand":[],"product_cat":[63,68,21],"product_tag":[],"class_list":{"0":"post-894","1":"product","2":"type-product","3":"status-publish","4":"has-post-thumbnail","6":"product_cat-caneta-metal","7":"product_cat-caneta-touch","8":"product_cat-canetas","10":"first","11":"instock","12":"shipping-taxable","13":"product-type-simple"},"_links":{"self":[{"href":"https:\/\/amparobrindes.com.br\/index.php?rest_route=\/wp\/v2\/product\/894","targetHints":{"allow":["GET"]}}],"collection":[{"href":"https:\/\/amparobrindes.com.br\/index.php?rest_route=\/wp\/v2\/product"}],"about":[{"href":"https:\/\/amparobrindes.com.br\/index.php?rest_route=\/wp\/v2\/types\/product"}],"replies":[{"embeddable":true,"href":"https:\/\/amparobrindes.com.br\/index.php?rest_route=%2Fwp%2Fv2%2Fcomments&post=894"}],"wp:featuredmedia":[{"embeddable":true,"href":"https:\/\/amparobrindes.com.br\/index.php?rest_route=\/wp\/v2\/media\/895"}],"wp:attachment":[{"href":"https:\/\/amparobrindes.com.br\/index.php?rest_route=%2Fwp%2Fv2%2Fmedia&parent=894"}],"wp:term":[{"taxonomy":"product_brand","embeddable":true,"href":"https:\/\/amparobrindes.com.br\/index.php?rest_route=%2Fwp%2Fv2%2Fproduct_brand&post=894"},{"taxonomy":"product_cat","embeddable":true,"href":"https:\/\/amparobrindes.com.br\/index.php?rest_route=%2Fwp%2Fv2%2Fproduct_cat&post=894"},{"taxonomy":"product_tag","embeddable":true,"href":"https:\/\/amparobrindes.com.br\/index.php?rest_route=%2Fwp%2Fv2%2Fproduct_tag&post=894"}],"curies":[{"name":"wp","href":"https:\/\/api.w.org\/{rel}","templated":true}]}}