{"id":889,"date":"2023-08-28T18:07:19","date_gmt":"2023-08-28T21:07:19","guid":{"rendered":"https:\/\/amparobrindes.com.br\/?post_type=product&#038;p=889"},"modified":"2023-08-28T18:07:25","modified_gmt":"2023-08-28T21:07:25","slug":"cod-2314-caneta-metal-roller-modelo-5812","status":"publish","type":"product","link":"https:\/\/amparobrindes.com.br\/?product=cod-2314-caneta-metal-roller-modelo-5812","title":{"rendered":"C\u00f3d: 2314 &#8211; Caneta Metal Roller &#8211; Modelo 5812"},"content":{"rendered":"","protected":false},"excerpt":{"rendered":"<p>Caneta Metal Roller<\/p>\n<p>Descri\u00e7\u00e3o: Caneta metal roller com tampa. Clip metal dourado com 3 an\u00e9is, sendo dois dourados e o central prata. Possui anel no centro e detalhe inferior tamb\u00e9m dourado. OBS.: PEDIDO APENAS M\u00daLTIPLO DE 15 PE\u00c7AS!<\/p>\n<p>Largura :  1,7 cm<\/p>\n<p>Comprimento :  14,2 cm<\/p>\n<p>Medidas aproximadas para grava\u00e7\u00e3o (CxL):  4,5 cm x 1,1 cm<\/p>\n<p>Peso aproximado (g):  33<\/p>\n","protected":false},"featured_media":890,"comment_status":"open","ping_status":"closed","template":"","meta":[],"product_brand":[],"product_cat":[63,21],"product_tag":[],"class_list":{"0":"post-889","1":"product","2":"type-product","3":"status-publish","4":"has-post-thumbnail","6":"product_cat-caneta-metal","7":"product_cat-canetas","9":"first","10":"instock","11":"shipping-taxable","12":"product-type-simple"},"_links":{"self":[{"href":"https:\/\/amparobrindes.com.br\/index.php?rest_route=\/wp\/v2\/product\/889","targetHints":{"allow":["GET"]}}],"collection":[{"href":"https:\/\/amparobrindes.com.br\/index.php?rest_route=\/wp\/v2\/product"}],"about":[{"href":"https:\/\/amparobrindes.com.br\/index.php?rest_route=\/wp\/v2\/types\/product"}],"replies":[{"embeddable":true,"href":"https:\/\/amparobrindes.com.br\/index.php?rest_route=%2Fwp%2Fv2%2Fcomments&post=889"}],"wp:featuredmedia":[{"embeddable":true,"href":"https:\/\/amparobrindes.com.br\/index.php?rest_route=\/wp\/v2\/media\/890"}],"wp:attachment":[{"href":"https:\/\/amparobrindes.com.br\/index.php?rest_route=%2Fwp%2Fv2%2Fmedia&parent=889"}],"wp:term":[{"taxonomy":"product_brand","embeddable":true,"href":"https:\/\/amparobrindes.com.br\/index.php?rest_route=%2Fwp%2Fv2%2Fproduct_brand&post=889"},{"taxonomy":"product_cat","embeddable":true,"href":"https:\/\/amparobrindes.com.br\/index.php?rest_route=%2Fwp%2Fv2%2Fproduct_cat&post=889"},{"taxonomy":"product_tag","embeddable":true,"href":"https:\/\/amparobrindes.com.br\/index.php?rest_route=%2Fwp%2Fv2%2Fproduct_tag&post=889"}],"curies":[{"name":"wp","href":"https:\/\/api.w.org\/{rel}","templated":true}]}}