{"id":882,"date":"2023-08-28T16:05:35","date_gmt":"2023-08-28T19:05:35","guid":{"rendered":"https:\/\/amparobrindes.com.br\/?post_type=product&#038;p=882"},"modified":"2023-08-28T16:05:42","modified_gmt":"2023-08-28T19:05:42","slug":"cod-2399-caneta-plastica-modelo-13690","status":"publish","type":"product","link":"https:\/\/amparobrindes.com.br\/?product=cod-2399-caneta-plastica-modelo-13690","title":{"rendered":"C\u00f3d: 2399 &#8211; Caneta Pl\u00e1stica &#8211; Modelo 13690"},"content":{"rendered":"","protected":false},"excerpt":{"rendered":"<p>Caneta Pl\u00e1stica<\/p>\n<p>Descri\u00e7\u00e3o: Caneta pl\u00e1stica com carga esferogr\u00e1fica azul e acionamento por clique.<\/p>\n<p>Medidas aproximadas para grava\u00e7\u00e3o (CxL):  4 cm x 0,8 cm<\/p>\n<p>Tamanho total aproximado  (CxL):  14,2 cm x 1,6 cm<\/p>\n<p>Peso aproximado (g):  8<\/p>\n","protected":false},"featured_media":883,"comment_status":"open","ping_status":"closed","template":"","meta":[],"product_brand":[],"product_cat":[65,21],"product_tag":[],"class_list":{"0":"post-882","1":"product","2":"type-product","3":"status-publish","4":"has-post-thumbnail","6":"product_cat-caneta-plastica","7":"product_cat-canetas","9":"first","10":"instock","11":"shipping-taxable","12":"product-type-simple"},"_links":{"self":[{"href":"https:\/\/amparobrindes.com.br\/index.php?rest_route=\/wp\/v2\/product\/882","targetHints":{"allow":["GET"]}}],"collection":[{"href":"https:\/\/amparobrindes.com.br\/index.php?rest_route=\/wp\/v2\/product"}],"about":[{"href":"https:\/\/amparobrindes.com.br\/index.php?rest_route=\/wp\/v2\/types\/product"}],"replies":[{"embeddable":true,"href":"https:\/\/amparobrindes.com.br\/index.php?rest_route=%2Fwp%2Fv2%2Fcomments&post=882"}],"wp:featuredmedia":[{"embeddable":true,"href":"https:\/\/amparobrindes.com.br\/index.php?rest_route=\/wp\/v2\/media\/883"}],"wp:attachment":[{"href":"https:\/\/amparobrindes.com.br\/index.php?rest_route=%2Fwp%2Fv2%2Fmedia&parent=882"}],"wp:term":[{"taxonomy":"product_brand","embeddable":true,"href":"https:\/\/amparobrindes.com.br\/index.php?rest_route=%2Fwp%2Fv2%2Fproduct_brand&post=882"},{"taxonomy":"product_cat","embeddable":true,"href":"https:\/\/amparobrindes.com.br\/index.php?rest_route=%2Fwp%2Fv2%2Fproduct_cat&post=882"},{"taxonomy":"product_tag","embeddable":true,"href":"https:\/\/amparobrindes.com.br\/index.php?rest_route=%2Fwp%2Fv2%2Fproduct_tag&post=882"}],"curies":[{"name":"wp","href":"https:\/\/api.w.org\/{rel}","templated":true}]}}