{"id":880,"date":"2023-08-28T15:34:30","date_gmt":"2023-08-28T18:34:30","guid":{"rendered":"https:\/\/amparobrindes.com.br\/?post_type=product&#038;p=880"},"modified":"2023-08-28T15:35:39","modified_gmt":"2023-08-28T18:35:39","slug":"cod-2398-caneta-plastica-modelo-13440","status":"publish","type":"product","link":"https:\/\/amparobrindes.com.br\/?product=cod-2398-caneta-plastica-modelo-13440","title":{"rendered":"C\u00f3d: 2398 Caneta Pl\u00e1stica &#8211; Modelo 13440"},"content":{"rendered":"","protected":false},"excerpt":{"rendered":"<p>Caneta Pl\u00e1stica<\/p>\n<p>Descri\u00e7\u00e3o: Caneta pl\u00e1stica com carga esferogr\u00e1fica azul e acionamento por clique no clipe.<\/p>\n<p>Medidas aproximadas para grava\u00e7\u00e3o (CxL):  Clip 3,9 cm x 1 cm<\/p>\n<p>Tamanho total aproximado  (CxL):  13,8 cm x 1,4 cm<\/p>\n<p>Peso aproximado (g):  9<\/p>\n","protected":false},"featured_media":881,"comment_status":"open","ping_status":"closed","template":"","meta":[],"product_brand":[],"product_cat":[65,21],"product_tag":[],"class_list":{"0":"post-880","1":"product","2":"type-product","3":"status-publish","4":"has-post-thumbnail","6":"product_cat-caneta-plastica","7":"product_cat-canetas","9":"first","10":"instock","11":"shipping-taxable","12":"product-type-simple"},"_links":{"self":[{"href":"https:\/\/amparobrindes.com.br\/index.php?rest_route=\/wp\/v2\/product\/880","targetHints":{"allow":["GET"]}}],"collection":[{"href":"https:\/\/amparobrindes.com.br\/index.php?rest_route=\/wp\/v2\/product"}],"about":[{"href":"https:\/\/amparobrindes.com.br\/index.php?rest_route=\/wp\/v2\/types\/product"}],"replies":[{"embeddable":true,"href":"https:\/\/amparobrindes.com.br\/index.php?rest_route=%2Fwp%2Fv2%2Fcomments&post=880"}],"wp:featuredmedia":[{"embeddable":true,"href":"https:\/\/amparobrindes.com.br\/index.php?rest_route=\/wp\/v2\/media\/881"}],"wp:attachment":[{"href":"https:\/\/amparobrindes.com.br\/index.php?rest_route=%2Fwp%2Fv2%2Fmedia&parent=880"}],"wp:term":[{"taxonomy":"product_brand","embeddable":true,"href":"https:\/\/amparobrindes.com.br\/index.php?rest_route=%2Fwp%2Fv2%2Fproduct_brand&post=880"},{"taxonomy":"product_cat","embeddable":true,"href":"https:\/\/amparobrindes.com.br\/index.php?rest_route=%2Fwp%2Fv2%2Fproduct_cat&post=880"},{"taxonomy":"product_tag","embeddable":true,"href":"https:\/\/amparobrindes.com.br\/index.php?rest_route=%2Fwp%2Fv2%2Fproduct_tag&post=880"}],"curies":[{"name":"wp","href":"https:\/\/api.w.org\/{rel}","templated":true}]}}