{"id":864,"date":"2023-08-25T16:47:39","date_gmt":"2023-08-25T19:47:39","guid":{"rendered":"https:\/\/amparobrindes.com.br\/?post_type=product&#038;p=864"},"modified":"2026-01-29T00:11:29","modified_gmt":"2026-01-29T03:11:29","slug":"cod-2380-caneta-plastica-modelo-00401t","status":"publish","type":"product","link":"https:\/\/amparobrindes.com.br\/?product=cod-2380-caneta-plastica-modelo-00401t","title":{"rendered":"C\u00f3d: 2380 &#8211; Caneta Pl\u00e1stica &#8211; Modelo 708"},"content":{"rendered":"","protected":false},"excerpt":{"rendered":"<p>Caneta Pl\u00e1stica Touch com Suporte<\/p>\n<p>Descri\u00e7\u00e3o: Caneta pl\u00e1stica com suporte para celular, ponteira touch screen e limpador de tela. Carga esferogr\u00e1fica azul e acionamento por rota\u00e7\u00e3o.<\/p>\n<p>Largura :  1,9 cm<\/p>\n<p>Comprimento :  14,9 cm<\/p>\n<p>Medidas aproximadas para grava\u00e7\u00e3o (CxL):  Clip 4 cm x 1 cm<\/p>\n<p>Peso aproximado (g):  10<\/p>\n","protected":false},"featured_media":869,"comment_status":"open","ping_status":"closed","template":"","meta":[],"product_brand":[],"product_cat":[65,68,21],"product_tag":[],"class_list":{"0":"post-864","1":"product","2":"type-product","3":"status-publish","4":"has-post-thumbnail","6":"product_cat-caneta-plastica","7":"product_cat-caneta-touch","8":"product_cat-canetas","10":"first","11":"instock","12":"featured","13":"shipping-taxable","14":"product-type-simple"},"_links":{"self":[{"href":"https:\/\/amparobrindes.com.br\/index.php?rest_route=\/wp\/v2\/product\/864","targetHints":{"allow":["GET"]}}],"collection":[{"href":"https:\/\/amparobrindes.com.br\/index.php?rest_route=\/wp\/v2\/product"}],"about":[{"href":"https:\/\/amparobrindes.com.br\/index.php?rest_route=\/wp\/v2\/types\/product"}],"replies":[{"embeddable":true,"href":"https:\/\/amparobrindes.com.br\/index.php?rest_route=%2Fwp%2Fv2%2Fcomments&post=864"}],"wp:featuredmedia":[{"embeddable":true,"href":"https:\/\/amparobrindes.com.br\/index.php?rest_route=\/wp\/v2\/media\/869"}],"wp:attachment":[{"href":"https:\/\/amparobrindes.com.br\/index.php?rest_route=%2Fwp%2Fv2%2Fmedia&parent=864"}],"wp:term":[{"taxonomy":"product_brand","embeddable":true,"href":"https:\/\/amparobrindes.com.br\/index.php?rest_route=%2Fwp%2Fv2%2Fproduct_brand&post=864"},{"taxonomy":"product_cat","embeddable":true,"href":"https:\/\/amparobrindes.com.br\/index.php?rest_route=%2Fwp%2Fv2%2Fproduct_cat&post=864"},{"taxonomy":"product_tag","embeddable":true,"href":"https:\/\/amparobrindes.com.br\/index.php?rest_route=%2Fwp%2Fv2%2Fproduct_tag&post=864"}],"curies":[{"name":"wp","href":"https:\/\/api.w.org\/{rel}","templated":true}]}}