{"id":861,"date":"2023-08-25T15:50:19","date_gmt":"2023-08-25T18:50:19","guid":{"rendered":"https:\/\/amparobrindes.com.br\/?post_type=product&#038;p=861"},"modified":"2023-08-25T16:03:08","modified_gmt":"2023-08-25T19:03:08","slug":"cod-2294-caneta-3-cores-touch-modelo-13362b","status":"publish","type":"product","link":"https:\/\/amparobrindes.com.br\/?product=cod-2294-caneta-3-cores-touch-modelo-13362b","title":{"rendered":"C\u00f3d: 2294 &#8211; Caneta 3 Cores Touch &#8211; Modelo 13362b"},"content":{"rendered":"","protected":false},"excerpt":{"rendered":"<p>Caneta 3 em 1 Touch<\/p>\n<p>Descri\u00e7\u00e3o: Caneta pl\u00e1stica 3 em 1 com touch screen, cargas esferogr\u00e1ficas nas cores: azul, preto e vermelho.<\/p>\n<p>Largura :  1,4 cm<\/p>\n<p>Comprimento :  14,9 cm<\/p>\n<p>Medidas aproximadas para grava\u00e7\u00e3o (CxL):  4 cm x 0,7 cm<\/p>\n<p>Peso aproximado (g):  11<\/p>\n","protected":false},"featured_media":862,"comment_status":"open","ping_status":"closed","template":"","meta":[],"product_brand":[],"product_cat":[65,68,21],"product_tag":[],"class_list":{"0":"post-861","1":"product","2":"type-product","3":"status-publish","4":"has-post-thumbnail","6":"product_cat-caneta-plastica","7":"product_cat-caneta-touch","8":"product_cat-canetas","10":"first","11":"instock","12":"shipping-taxable","13":"product-type-simple"},"_links":{"self":[{"href":"https:\/\/amparobrindes.com.br\/index.php?rest_route=\/wp\/v2\/product\/861","targetHints":{"allow":["GET"]}}],"collection":[{"href":"https:\/\/amparobrindes.com.br\/index.php?rest_route=\/wp\/v2\/product"}],"about":[{"href":"https:\/\/amparobrindes.com.br\/index.php?rest_route=\/wp\/v2\/types\/product"}],"replies":[{"embeddable":true,"href":"https:\/\/amparobrindes.com.br\/index.php?rest_route=%2Fwp%2Fv2%2Fcomments&post=861"}],"wp:featuredmedia":[{"embeddable":true,"href":"https:\/\/amparobrindes.com.br\/index.php?rest_route=\/wp\/v2\/media\/862"}],"wp:attachment":[{"href":"https:\/\/amparobrindes.com.br\/index.php?rest_route=%2Fwp%2Fv2%2Fmedia&parent=861"}],"wp:term":[{"taxonomy":"product_brand","embeddable":true,"href":"https:\/\/amparobrindes.com.br\/index.php?rest_route=%2Fwp%2Fv2%2Fproduct_brand&post=861"},{"taxonomy":"product_cat","embeddable":true,"href":"https:\/\/amparobrindes.com.br\/index.php?rest_route=%2Fwp%2Fv2%2Fproduct_cat&post=861"},{"taxonomy":"product_tag","embeddable":true,"href":"https:\/\/amparobrindes.com.br\/index.php?rest_route=%2Fwp%2Fv2%2Fproduct_tag&post=861"}],"curies":[{"name":"wp","href":"https:\/\/api.w.org\/{rel}","templated":true}]}}