{"id":827,"date":"2022-04-15T10:47:23","date_gmt":"2022-04-15T13:47:23","guid":{"rendered":"https:\/\/amparobrindes.com.br\/?post_type=product&#038;p=827"},"modified":"2022-04-15T10:47:23","modified_gmt":"2022-04-15T13:47:23","slug":"cod-2285-agenda-diaria-metalizada-lisa-prata-modelo-186l","status":"publish","type":"product","link":"https:\/\/amparobrindes.com.br\/?product=cod-2285-agenda-diaria-metalizada-lisa-prata-modelo-186l","title":{"rendered":"C\u00f3d: 2285 \u2013 Agenda Di\u00e1ria \u2013 Metalizada Lisa Prata \u2013 Modelo: 186L"},"content":{"rendered":"","protected":false},"excerpt":{"rendered":"<p><em><strong>Agenda Di\u00e1ria Capa Metalizada Lisa Prata &#8211; Capa: Couro Sint\u00e9tico 0,6mm &#8211; Miolo de Agenda Di\u00e1ria &#8211; 2&#215;2 Cores &#8211; 344 p\u00e1ginas &#8211; Off-set 63g com Mapa 4&#215;4 Cores &#8211; \u00cdndice Telef\u00f4nico &#8211; Planejamento<\/strong><\/em><em><strong>\u00a0&#8211; Formato da Agenda: 145x200mm<\/strong><\/em><\/p>\n","protected":false},"featured_media":828,"comment_status":"open","ping_status":"closed","template":"","meta":[],"product_brand":[],"product_cat":[77,17,48,50,49],"product_tag":[],"class_list":{"0":"post-827","1":"product","2":"type-product","3":"status-publish","4":"has-post-thumbnail","6":"product_cat-agenda-diaria","7":"product_cat-agendas","8":"product_cat-brinde-segmento","9":"product_cat-empresa-segmento","10":"product_cat-escritorio-seg","12":"first","13":"instock","14":"shipping-taxable","15":"product-type-simple"},"_links":{"self":[{"href":"https:\/\/amparobrindes.com.br\/index.php?rest_route=\/wp\/v2\/product\/827","targetHints":{"allow":["GET"]}}],"collection":[{"href":"https:\/\/amparobrindes.com.br\/index.php?rest_route=\/wp\/v2\/product"}],"about":[{"href":"https:\/\/amparobrindes.com.br\/index.php?rest_route=\/wp\/v2\/types\/product"}],"replies":[{"embeddable":true,"href":"https:\/\/amparobrindes.com.br\/index.php?rest_route=%2Fwp%2Fv2%2Fcomments&post=827"}],"wp:featuredmedia":[{"embeddable":true,"href":"https:\/\/amparobrindes.com.br\/index.php?rest_route=\/wp\/v2\/media\/828"}],"wp:attachment":[{"href":"https:\/\/amparobrindes.com.br\/index.php?rest_route=%2Fwp%2Fv2%2Fmedia&parent=827"}],"wp:term":[{"taxonomy":"product_brand","embeddable":true,"href":"https:\/\/amparobrindes.com.br\/index.php?rest_route=%2Fwp%2Fv2%2Fproduct_brand&post=827"},{"taxonomy":"product_cat","embeddable":true,"href":"https:\/\/amparobrindes.com.br\/index.php?rest_route=%2Fwp%2Fv2%2Fproduct_cat&post=827"},{"taxonomy":"product_tag","embeddable":true,"href":"https:\/\/amparobrindes.com.br\/index.php?rest_route=%2Fwp%2Fv2%2Fproduct_tag&post=827"}],"curies":[{"name":"wp","href":"https:\/\/api.w.org\/{rel}","templated":true}]}}