{"id":824,"date":"2022-04-15T10:41:44","date_gmt":"2022-04-15T13:41:44","guid":{"rendered":"https:\/\/amparobrindes.com.br\/?post_type=product&#038;p=824"},"modified":"2022-04-15T10:44:32","modified_gmt":"2022-04-15T13:44:32","slug":"cod-530-agenda-diaria-metalizada-lisa-rosa-modelo-183l","status":"publish","type":"product","link":"https:\/\/amparobrindes.com.br\/?product=cod-530-agenda-diaria-metalizada-lisa-rosa-modelo-183l","title":{"rendered":"C\u00f3d: 530 \u2013 Agenda Di\u00e1ria \u2013 Metalizada Lisa Rosa \u2013 Modelo: 183L"},"content":{"rendered":"","protected":false},"excerpt":{"rendered":"<p><em><strong>Agenda Di\u00e1ria Capa Metalizada Lisa Rosa &#8211; Capa: Couro Sint\u00e9tico 0,6mm &#8211; Miolo de Agenda Di\u00e1ria &#8211; 2&#215;2 Cores &#8211; 344 p\u00e1ginas &#8211; Off-set 63g com Mapa 4&#215;4 Cores &#8211; \u00cdndice Telef\u00f4nico &#8211; Planejamento<\/strong><\/em><em><strong>\u00a0&#8211; Formato da Agenda: 145x200mm<\/strong><\/em><\/p>\n","protected":false},"featured_media":825,"comment_status":"open","ping_status":"closed","template":"","meta":[],"product_brand":[],"product_cat":[77,17,48,50,49],"product_tag":[],"class_list":{"0":"post-824","1":"product","2":"type-product","3":"status-publish","4":"has-post-thumbnail","6":"product_cat-agenda-diaria","7":"product_cat-agendas","8":"product_cat-brinde-segmento","9":"product_cat-empresa-segmento","10":"product_cat-escritorio-seg","12":"first","13":"instock","14":"shipping-taxable","15":"product-type-simple"},"_links":{"self":[{"href":"https:\/\/amparobrindes.com.br\/index.php?rest_route=\/wp\/v2\/product\/824","targetHints":{"allow":["GET"]}}],"collection":[{"href":"https:\/\/amparobrindes.com.br\/index.php?rest_route=\/wp\/v2\/product"}],"about":[{"href":"https:\/\/amparobrindes.com.br\/index.php?rest_route=\/wp\/v2\/types\/product"}],"replies":[{"embeddable":true,"href":"https:\/\/amparobrindes.com.br\/index.php?rest_route=%2Fwp%2Fv2%2Fcomments&post=824"}],"wp:featuredmedia":[{"embeddable":true,"href":"https:\/\/amparobrindes.com.br\/index.php?rest_route=\/wp\/v2\/media\/825"}],"wp:attachment":[{"href":"https:\/\/amparobrindes.com.br\/index.php?rest_route=%2Fwp%2Fv2%2Fmedia&parent=824"}],"wp:term":[{"taxonomy":"product_brand","embeddable":true,"href":"https:\/\/amparobrindes.com.br\/index.php?rest_route=%2Fwp%2Fv2%2Fproduct_brand&post=824"},{"taxonomy":"product_cat","embeddable":true,"href":"https:\/\/amparobrindes.com.br\/index.php?rest_route=%2Fwp%2Fv2%2Fproduct_cat&post=824"},{"taxonomy":"product_tag","embeddable":true,"href":"https:\/\/amparobrindes.com.br\/index.php?rest_route=%2Fwp%2Fv2%2Fproduct_tag&post=824"}],"curies":[{"name":"wp","href":"https:\/\/api.w.org\/{rel}","templated":true}]}}