{"id":820,"date":"2022-04-15T10:33:57","date_gmt":"2022-04-15T13:33:57","guid":{"rendered":"https:\/\/amparobrindes.com.br\/?post_type=product&#038;p=820"},"modified":"2022-04-15T10:33:58","modified_gmt":"2022-04-15T13:33:58","slug":"cod-510-agenda-diaria-estampada-azul-modelo-172l","status":"publish","type":"product","link":"https:\/\/amparobrindes.com.br\/?product=cod-510-agenda-diaria-estampada-azul-modelo-172l","title":{"rendered":"C\u00f3d: 510 \u2013 Agenda Di\u00e1ria \u2013 Estampada Azul \u2013 Modelo: 172L"},"content":{"rendered":"","protected":false},"excerpt":{"rendered":"<p><em><strong>Agenda Di\u00e1ria Capa Estampada Azul &#8211; Capa: Couro Sint\u00e9tico 0,6mm &#8211; Miolo de Agenda Di\u00e1ria &#8211; 2&#215;2 Cores &#8211; 344 p\u00e1ginas &#8211; Off-set 63g com Mapa 4&#215;4 Cores &#8211; \u00cdndice Telef\u00f4nico &#8211; Planejamento<\/strong><\/em><em><strong>\u00a0&#8211; Formato da Agenda: 145x200mm<\/strong><\/em><\/p>\n","protected":false},"featured_media":821,"comment_status":"open","ping_status":"closed","template":"","meta":[],"product_brand":[],"product_cat":[77,17,48,50,49],"product_tag":[],"class_list":{"0":"post-820","1":"product","2":"type-product","3":"status-publish","4":"has-post-thumbnail","6":"product_cat-agenda-diaria","7":"product_cat-agendas","8":"product_cat-brinde-segmento","9":"product_cat-empresa-segmento","10":"product_cat-escritorio-seg","12":"first","13":"instock","14":"shipping-taxable","15":"product-type-simple"},"_links":{"self":[{"href":"https:\/\/amparobrindes.com.br\/index.php?rest_route=\/wp\/v2\/product\/820","targetHints":{"allow":["GET"]}}],"collection":[{"href":"https:\/\/amparobrindes.com.br\/index.php?rest_route=\/wp\/v2\/product"}],"about":[{"href":"https:\/\/amparobrindes.com.br\/index.php?rest_route=\/wp\/v2\/types\/product"}],"replies":[{"embeddable":true,"href":"https:\/\/amparobrindes.com.br\/index.php?rest_route=%2Fwp%2Fv2%2Fcomments&post=820"}],"wp:featuredmedia":[{"embeddable":true,"href":"https:\/\/amparobrindes.com.br\/index.php?rest_route=\/wp\/v2\/media\/821"}],"wp:attachment":[{"href":"https:\/\/amparobrindes.com.br\/index.php?rest_route=%2Fwp%2Fv2%2Fmedia&parent=820"}],"wp:term":[{"taxonomy":"product_brand","embeddable":true,"href":"https:\/\/amparobrindes.com.br\/index.php?rest_route=%2Fwp%2Fv2%2Fproduct_brand&post=820"},{"taxonomy":"product_cat","embeddable":true,"href":"https:\/\/amparobrindes.com.br\/index.php?rest_route=%2Fwp%2Fv2%2Fproduct_cat&post=820"},{"taxonomy":"product_tag","embeddable":true,"href":"https:\/\/amparobrindes.com.br\/index.php?rest_route=%2Fwp%2Fv2%2Fproduct_tag&post=820"}],"curies":[{"name":"wp","href":"https:\/\/api.w.org\/{rel}","templated":true}]}}