{"id":797,"date":"2022-04-15T09:41:24","date_gmt":"2022-04-15T12:41:24","guid":{"rendered":"https:\/\/amparobrindes.com.br\/?post_type=product&#038;p=797"},"modified":"2026-01-29T00:11:07","modified_gmt":"2026-01-29T03:11:07","slug":"cod-2291-agenda-diaria-lisa-preta-com-costura-modelo-106l","status":"publish","type":"product","link":"https:\/\/amparobrindes.com.br\/?product=cod-2291-agenda-diaria-lisa-preta-com-costura-modelo-106l","title":{"rendered":"C\u00f3d: 2291 \u2013 Agenda Di\u00e1ria \u2013 Lisa Preta com Costura \u2013 Modelo: 106L"},"content":{"rendered":"","protected":false},"excerpt":{"rendered":"<div class=\"col-lg-8 col-md-8 col-12 col-xs-12\">\n<div class=\"detalhes-produtos-interno\"><em><strong>Agenda Di\u00e1ria Capa Lisa Preta com Costura &#8211; Capa: Couro Sint\u00e9tico 0,6mm &#8211; Miolo de Agenda Di\u00e1ria &#8211; 2&#215;2 Cores &#8211; 344 p\u00e1ginas &#8211; Off-set 63g com Mapa 4&#215;4 Cores &#8211; \u00cdndice Telef\u00f4nico &#8211; Planejamento\u00a0<\/strong><\/em><em><strong>&#8211;\u00a0Formato da Agenda: 145x200mm<\/strong><\/em><\/div>\n<\/div>\n","protected":false},"featured_media":798,"comment_status":"open","ping_status":"closed","template":"","meta":[],"product_brand":[],"product_cat":[77,17,48,50,49,104],"product_tag":[],"class_list":{"0":"post-797","1":"product","2":"type-product","3":"status-publish","4":"has-post-thumbnail","6":"product_cat-agenda-diaria","7":"product_cat-agendas","8":"product_cat-brinde-segmento","9":"product_cat-empresa-segmento","10":"product_cat-escritorio-seg","11":"product_cat-mais-vendidos","13":"first","14":"instock","15":"shipping-taxable","16":"product-type-simple"},"_links":{"self":[{"href":"https:\/\/amparobrindes.com.br\/index.php?rest_route=\/wp\/v2\/product\/797","targetHints":{"allow":["GET"]}}],"collection":[{"href":"https:\/\/amparobrindes.com.br\/index.php?rest_route=\/wp\/v2\/product"}],"about":[{"href":"https:\/\/amparobrindes.com.br\/index.php?rest_route=\/wp\/v2\/types\/product"}],"replies":[{"embeddable":true,"href":"https:\/\/amparobrindes.com.br\/index.php?rest_route=%2Fwp%2Fv2%2Fcomments&post=797"}],"wp:featuredmedia":[{"embeddable":true,"href":"https:\/\/amparobrindes.com.br\/index.php?rest_route=\/wp\/v2\/media\/798"}],"wp:attachment":[{"href":"https:\/\/amparobrindes.com.br\/index.php?rest_route=%2Fwp%2Fv2%2Fmedia&parent=797"}],"wp:term":[{"taxonomy":"product_brand","embeddable":true,"href":"https:\/\/amparobrindes.com.br\/index.php?rest_route=%2Fwp%2Fv2%2Fproduct_brand&post=797"},{"taxonomy":"product_cat","embeddable":true,"href":"https:\/\/amparobrindes.com.br\/index.php?rest_route=%2Fwp%2Fv2%2Fproduct_cat&post=797"},{"taxonomy":"product_tag","embeddable":true,"href":"https:\/\/amparobrindes.com.br\/index.php?rest_route=%2Fwp%2Fv2%2Fproduct_tag&post=797"}],"curies":[{"name":"wp","href":"https:\/\/api.w.org\/{rel}","templated":true}]}}