{"id":790,"date":"2022-04-15T09:26:29","date_gmt":"2022-04-15T12:26:29","guid":{"rendered":"https:\/\/amparobrindes.com.br\/?post_type=product&#038;p=790"},"modified":"2022-04-15T09:26:29","modified_gmt":"2022-04-15T12:26:29","slug":"cod-2288-agenda-diaria-lisa-preta-modelo-100l","status":"publish","type":"product","link":"https:\/\/amparobrindes.com.br\/?product=cod-2288-agenda-diaria-lisa-preta-modelo-100l","title":{"rendered":"C\u00f3d: 2288 &#8211; Agenda Di\u00e1ria &#8211; Lisa Preta &#8211; Modelo: 100L"},"content":{"rendered":"","protected":false},"excerpt":{"rendered":"<div class=\"col-lg-8 col-md-8 col-12 col-xs-12\">\n<div class=\"detalhes-produtos-interno\"><em><strong>Agenda Capa Lisa Preta &#8211; Capa: Couro Sint\u00e9tico 0,6mm &#8211;\u00a0Miolo de Agenda Di\u00e1ria &#8211; 2&#215;2 Cores &#8211; 344 p\u00e1ginas &#8211; Off-set 63g com Mapa 4&#215;4 Cores &#8211; \u00cdndice Telef\u00f4nico &#8211; Planejamento &#8211;\u00a0Formato da Agenda: 145x200mm<\/strong><\/em><\/div>\n<\/div>\n","protected":false},"featured_media":791,"comment_status":"open","ping_status":"closed","template":"","meta":[],"product_brand":[],"product_cat":[77,17,48,50,49],"product_tag":[],"class_list":{"0":"post-790","1":"product","2":"type-product","3":"status-publish","4":"has-post-thumbnail","6":"product_cat-agenda-diaria","7":"product_cat-agendas","8":"product_cat-brinde-segmento","9":"product_cat-empresa-segmento","10":"product_cat-escritorio-seg","12":"first","13":"instock","14":"shipping-taxable","15":"product-type-simple"},"_links":{"self":[{"href":"https:\/\/amparobrindes.com.br\/index.php?rest_route=\/wp\/v2\/product\/790","targetHints":{"allow":["GET"]}}],"collection":[{"href":"https:\/\/amparobrindes.com.br\/index.php?rest_route=\/wp\/v2\/product"}],"about":[{"href":"https:\/\/amparobrindes.com.br\/index.php?rest_route=\/wp\/v2\/types\/product"}],"replies":[{"embeddable":true,"href":"https:\/\/amparobrindes.com.br\/index.php?rest_route=%2Fwp%2Fv2%2Fcomments&post=790"}],"wp:featuredmedia":[{"embeddable":true,"href":"https:\/\/amparobrindes.com.br\/index.php?rest_route=\/wp\/v2\/media\/791"}],"wp:attachment":[{"href":"https:\/\/amparobrindes.com.br\/index.php?rest_route=%2Fwp%2Fv2%2Fmedia&parent=790"}],"wp:term":[{"taxonomy":"product_brand","embeddable":true,"href":"https:\/\/amparobrindes.com.br\/index.php?rest_route=%2Fwp%2Fv2%2Fproduct_brand&post=790"},{"taxonomy":"product_cat","embeddable":true,"href":"https:\/\/amparobrindes.com.br\/index.php?rest_route=%2Fwp%2Fv2%2Fproduct_cat&post=790"},{"taxonomy":"product_tag","embeddable":true,"href":"https:\/\/amparobrindes.com.br\/index.php?rest_route=%2Fwp%2Fv2%2Fproduct_tag&post=790"}],"curies":[{"name":"wp","href":"https:\/\/api.w.org\/{rel}","templated":true}]}}