{"id":765,"date":"2022-04-09T15:36:29","date_gmt":"2022-04-09T18:36:29","guid":{"rendered":"https:\/\/amparobrindes.com.br\/?post_type=product&#038;p=765"},"modified":"2022-04-09T15:38:41","modified_gmt":"2022-04-09T18:38:41","slug":"cod-14-chaveiro-resinado-mosquetao-modelo-m-s-48-giratorio","status":"publish","type":"product","link":"https:\/\/amparobrindes.com.br\/?product=cod-14-chaveiro-resinado-mosquetao-modelo-m-s-48-giratorio","title":{"rendered":"C\u00f3d: 14 \u2013 Chaveiro Resinado \u2013 Mosquet\u00e3o \u2013 Modelo M\/S 48 &#8211; Girat\u00f3rio"},"content":{"rendered":"","protected":false},"excerpt":{"rendered":"<p>Material: Metal e Resina PU<\/p>\n<p>Medida: 9 cm x 2,7 cm (Com argola)<\/p>\n<p>Impress\u00e3o: Digital \u2013\u00a0 \u00a0( Frente e Verso) \u2013 Com base girat\u00f3ria \u2013<\/p>\n<p>Fun\u00e7\u00e3o : Mosquet\u00e3o\u00a0 e Abridor de garrafas<\/p>\n<p>Acess\u00f3rios: Argola<\/p>\n","protected":false},"featured_media":766,"comment_status":"open","ping_status":"closed","template":"","meta":[],"product_brand":[],"product_cat":[79,48,66,19],"product_tag":[],"class_list":{"0":"post-765","1":"product","2":"type-product","3":"status-publish","4":"has-post-thumbnail","6":"product_cat-automotivo","7":"product_cat-brinde-segmento","8":"product_cat-chaveiro-metal-resinado","9":"product_cat-chaveiros","11":"first","12":"instock","13":"shipping-taxable","14":"product-type-simple"},"_links":{"self":[{"href":"https:\/\/amparobrindes.com.br\/index.php?rest_route=\/wp\/v2\/product\/765","targetHints":{"allow":["GET"]}}],"collection":[{"href":"https:\/\/amparobrindes.com.br\/index.php?rest_route=\/wp\/v2\/product"}],"about":[{"href":"https:\/\/amparobrindes.com.br\/index.php?rest_route=\/wp\/v2\/types\/product"}],"replies":[{"embeddable":true,"href":"https:\/\/amparobrindes.com.br\/index.php?rest_route=%2Fwp%2Fv2%2Fcomments&post=765"}],"wp:featuredmedia":[{"embeddable":true,"href":"https:\/\/amparobrindes.com.br\/index.php?rest_route=\/wp\/v2\/media\/766"}],"wp:attachment":[{"href":"https:\/\/amparobrindes.com.br\/index.php?rest_route=%2Fwp%2Fv2%2Fmedia&parent=765"}],"wp:term":[{"taxonomy":"product_brand","embeddable":true,"href":"https:\/\/amparobrindes.com.br\/index.php?rest_route=%2Fwp%2Fv2%2Fproduct_brand&post=765"},{"taxonomy":"product_cat","embeddable":true,"href":"https:\/\/amparobrindes.com.br\/index.php?rest_route=%2Fwp%2Fv2%2Fproduct_cat&post=765"},{"taxonomy":"product_tag","embeddable":true,"href":"https:\/\/amparobrindes.com.br\/index.php?rest_route=%2Fwp%2Fv2%2Fproduct_tag&post=765"}],"curies":[{"name":"wp","href":"https:\/\/api.w.org\/{rel}","templated":true}]}}