{"id":756,"date":"2022-04-09T15:42:43","date_gmt":"2022-04-09T18:42:43","guid":{"rendered":"https:\/\/amparobrindes.com.br\/?post_type=product&#038;p=756"},"modified":"2022-04-09T15:42:43","modified_gmt":"2022-04-09T18:42:43","slug":"cod-28-chaveiro-resinado-modelo-5117-zn-caminhao","status":"publish","type":"product","link":"https:\/\/amparobrindes.com.br\/?product=cod-28-chaveiro-resinado-modelo-5117-zn-caminhao","title":{"rendered":"C\u00f3d: 28 &#8211; Chaveiro Resinado &#8211; Modelo 5117 ZN &#8211; Caminh\u00e3o"},"content":{"rendered":"","protected":false},"excerpt":{"rendered":"<div class=\"summary entry-summary\">\n<div class=\"woocommerce-product-details__short-description\">\n<p>Material: Metal e Resina PU<\/p>\n<p>Medida: 9,5 cm x 2,5 cm (Com argola)<\/p>\n<p>Impress\u00e3o: Digital \u2013\u00a0 \u00a0( Apenas Frente )<\/p>\n<p>Fun\u00e7\u00e3o : Sem fun\u00e7\u00e3o &#8211; Apenas formato de Caminh\u00e3o<\/p>\n<p>Acess\u00f3rios: Argola com corrente<\/p>\n<\/div>\n<\/div>\n<div class=\"woocommerce-tabs wc-tabs-wrapper\">\n<div id=\"tab-reviews\" class=\"woocommerce-Tabs-panel woocommerce-Tabs-panel--reviews panel entry-content wc-tab\" role=\"tabpanel\" aria-labelledby=\"tab-title-reviews\"><\/div>\n<\/div>\n<section class=\"related products\">\n<h2>Produtos relacionados<\/h2>\n<\/section>\n","protected":false},"featured_media":757,"comment_status":"open","ping_status":"closed","template":"","meta":[],"product_brand":[],"product_cat":[79,48,66,19],"product_tag":[],"class_list":{"0":"post-756","1":"product","2":"type-product","3":"status-publish","4":"has-post-thumbnail","6":"product_cat-automotivo","7":"product_cat-brinde-segmento","8":"product_cat-chaveiro-metal-resinado","9":"product_cat-chaveiros","11":"first","12":"instock","13":"shipping-taxable","14":"product-type-simple"},"_links":{"self":[{"href":"https:\/\/amparobrindes.com.br\/index.php?rest_route=\/wp\/v2\/product\/756","targetHints":{"allow":["GET"]}}],"collection":[{"href":"https:\/\/amparobrindes.com.br\/index.php?rest_route=\/wp\/v2\/product"}],"about":[{"href":"https:\/\/amparobrindes.com.br\/index.php?rest_route=\/wp\/v2\/types\/product"}],"replies":[{"embeddable":true,"href":"https:\/\/amparobrindes.com.br\/index.php?rest_route=%2Fwp%2Fv2%2Fcomments&post=756"}],"wp:featuredmedia":[{"embeddable":true,"href":"https:\/\/amparobrindes.com.br\/index.php?rest_route=\/wp\/v2\/media\/757"}],"wp:attachment":[{"href":"https:\/\/amparobrindes.com.br\/index.php?rest_route=%2Fwp%2Fv2%2Fmedia&parent=756"}],"wp:term":[{"taxonomy":"product_brand","embeddable":true,"href":"https:\/\/amparobrindes.com.br\/index.php?rest_route=%2Fwp%2Fv2%2Fproduct_brand&post=756"},{"taxonomy":"product_cat","embeddable":true,"href":"https:\/\/amparobrindes.com.br\/index.php?rest_route=%2Fwp%2Fv2%2Fproduct_cat&post=756"},{"taxonomy":"product_tag","embeddable":true,"href":"https:\/\/amparobrindes.com.br\/index.php?rest_route=%2Fwp%2Fv2%2Fproduct_tag&post=756"}],"curies":[{"name":"wp","href":"https:\/\/api.w.org\/{rel}","templated":true}]}}