{"id":750,"date":"2022-04-05T19:51:19","date_gmt":"2022-04-05T22:51:19","guid":{"rendered":"https:\/\/amparobrindes.com.br\/?post_type=product&#038;p=750"},"modified":"2022-04-12T17:10:06","modified_gmt":"2022-04-12T20:10:06","slug":"cod-1180-chaveiro-resinado-abridor-modelo-9824-aluminio","status":"publish","type":"product","link":"https:\/\/amparobrindes.com.br\/?product=cod-1180-chaveiro-resinado-abridor-modelo-9824-aluminio","title":{"rendered":"C\u00f3d: 1180 &#8211; Chaveiro Resinado &#8211; Abridor &#8211; Modelo 9824 Alum\u00ednio"},"content":{"rendered":"","protected":false},"excerpt":{"rendered":"<p>Material: Alum\u00ednio e Resina PU<\/p>\n<p>Medida: 8,5 cm x 1,2\u00a0 cm (Com argola)<\/p>\n<p>Impress\u00e3o: Digital \u2013 ( Frente ) com Resina\u00a0 ou Impress\u00e3o a laser (incolor)<\/p>\n<p>Fun\u00e7\u00e3o : Abridor de Garrafa + Abridor de Latinha<\/p>\n<p>Acess\u00f3rios: Argola<\/p>\n","protected":false},"featured_media":751,"comment_status":"open","ping_status":"closed","template":"","meta":[],"product_brand":[],"product_cat":[79,48,66,19,51,104,112],"product_tag":[],"class_list":{"0":"post-750","1":"product","2":"type-product","3":"status-publish","4":"has-post-thumbnail","6":"product_cat-automotivo","7":"product_cat-brinde-segmento","8":"product_cat-chaveiro-metal-resinado","9":"product_cat-chaveiros","10":"product_cat-dia-dos-pais","11":"product_cat-mais-vendidos","12":"product_cat-produtos-destaque","14":"first","15":"instock","16":"shipping-taxable","17":"product-type-simple"},"_links":{"self":[{"href":"https:\/\/amparobrindes.com.br\/index.php?rest_route=\/wp\/v2\/product\/750","targetHints":{"allow":["GET"]}}],"collection":[{"href":"https:\/\/amparobrindes.com.br\/index.php?rest_route=\/wp\/v2\/product"}],"about":[{"href":"https:\/\/amparobrindes.com.br\/index.php?rest_route=\/wp\/v2\/types\/product"}],"replies":[{"embeddable":true,"href":"https:\/\/amparobrindes.com.br\/index.php?rest_route=%2Fwp%2Fv2%2Fcomments&post=750"}],"wp:featuredmedia":[{"embeddable":true,"href":"https:\/\/amparobrindes.com.br\/index.php?rest_route=\/wp\/v2\/media\/751"}],"wp:attachment":[{"href":"https:\/\/amparobrindes.com.br\/index.php?rest_route=%2Fwp%2Fv2%2Fmedia&parent=750"}],"wp:term":[{"taxonomy":"product_brand","embeddable":true,"href":"https:\/\/amparobrindes.com.br\/index.php?rest_route=%2Fwp%2Fv2%2Fproduct_brand&post=750"},{"taxonomy":"product_cat","embeddable":true,"href":"https:\/\/amparobrindes.com.br\/index.php?rest_route=%2Fwp%2Fv2%2Fproduct_cat&post=750"},{"taxonomy":"product_tag","embeddable":true,"href":"https:\/\/amparobrindes.com.br\/index.php?rest_route=%2Fwp%2Fv2%2Fproduct_tag&post=750"}],"curies":[{"name":"wp","href":"https:\/\/api.w.org\/{rel}","templated":true}]}}