{"id":735,"date":"2022-04-04T15:37:56","date_gmt":"2022-04-04T18:37:56","guid":{"rendered":"https:\/\/amparobrindes.com.br\/?post_type=product&#038;p=735"},"modified":"2022-04-04T15:37:56","modified_gmt":"2022-04-04T18:37:56","slug":"cod-25-chaveiro-resinado-abridor-modelo-m-s-62","status":"publish","type":"product","link":"https:\/\/amparobrindes.com.br\/?product=cod-25-chaveiro-resinado-abridor-modelo-m-s-62","title":{"rendered":"C\u00f3d: 25 \u2013 Chaveiro Resinado \u2013 Abridor \u2013 Modelo M\/S 62"},"content":{"rendered":"","protected":false},"excerpt":{"rendered":"<p>Material: Metal e Resina PU<\/p>\n<p>Medida: 9,7 cm x 3,5\u00a0 cm (Com argola)<\/p>\n<p>Impress\u00e3o: Digital \u2013 (APENAS Frente )<\/p>\n<p>Fun\u00e7\u00e3o : Mosquet\u00e3o (Conectar no passador da Cal\u00e7a) + Abridor de Garrafa + Abridor de Longneck + Abridor de Latinha<\/p>\n<p>Acess\u00f3rios: Argola<\/p>\n","protected":false},"featured_media":736,"comment_status":"open","ping_status":"closed","template":"","meta":[],"product_brand":[],"product_cat":[79,48,66,19],"product_tag":[],"class_list":{"0":"post-735","1":"product","2":"type-product","3":"status-publish","4":"has-post-thumbnail","6":"product_cat-automotivo","7":"product_cat-brinde-segmento","8":"product_cat-chaveiro-metal-resinado","9":"product_cat-chaveiros","11":"first","12":"instock","13":"shipping-taxable","14":"product-type-simple"},"_links":{"self":[{"href":"https:\/\/amparobrindes.com.br\/index.php?rest_route=\/wp\/v2\/product\/735","targetHints":{"allow":["GET"]}}],"collection":[{"href":"https:\/\/amparobrindes.com.br\/index.php?rest_route=\/wp\/v2\/product"}],"about":[{"href":"https:\/\/amparobrindes.com.br\/index.php?rest_route=\/wp\/v2\/types\/product"}],"replies":[{"embeddable":true,"href":"https:\/\/amparobrindes.com.br\/index.php?rest_route=%2Fwp%2Fv2%2Fcomments&post=735"}],"wp:featuredmedia":[{"embeddable":true,"href":"https:\/\/amparobrindes.com.br\/index.php?rest_route=\/wp\/v2\/media\/736"}],"wp:attachment":[{"href":"https:\/\/amparobrindes.com.br\/index.php?rest_route=%2Fwp%2Fv2%2Fmedia&parent=735"}],"wp:term":[{"taxonomy":"product_brand","embeddable":true,"href":"https:\/\/amparobrindes.com.br\/index.php?rest_route=%2Fwp%2Fv2%2Fproduct_brand&post=735"},{"taxonomy":"product_cat","embeddable":true,"href":"https:\/\/amparobrindes.com.br\/index.php?rest_route=%2Fwp%2Fv2%2Fproduct_cat&post=735"},{"taxonomy":"product_tag","embeddable":true,"href":"https:\/\/amparobrindes.com.br\/index.php?rest_route=%2Fwp%2Fv2%2Fproduct_tag&post=735"}],"curies":[{"name":"wp","href":"https:\/\/api.w.org\/{rel}","templated":true}]}}