{"id":718,"date":"2022-04-04T14:45:35","date_gmt":"2022-04-04T17:45:35","guid":{"rendered":"https:\/\/amparobrindes.com.br\/?post_type=product&#038;p=718"},"modified":"2025-07-14T10:00:22","modified_gmt":"2025-07-14T13:00:22","slug":"cod-11-chaveiro-resinado-mosquetao-modelo-ms-61","status":"publish","type":"product","link":"https:\/\/amparobrindes.com.br\/?product=cod-11-chaveiro-resinado-mosquetao-modelo-ms-61","title":{"rendered":"C\u00f3d: 11 \u2013 Chaveiro Resinado \u2013 Mosquet\u00e3o \u2013 Modelo MS\/61"},"content":{"rendered":"","protected":false},"excerpt":{"rendered":"<div class=\"summary entry-summary\">\n<div class=\"woocommerce-product-details__short-description\">\n<p>Material: Metal e Resina PU<\/p>\n<p>Medida: 8,2 cm x 3,3 cm (Com argola)<\/p>\n<p>Impress\u00e3o: Digital \u2013 (Frente e Verso)<\/p>\n<p>Fun\u00e7\u00e3o : Mosquet\u00e3o (Conectar no passador da Cal\u00e7a)<\/p>\n<p>Acess\u00f3rios: Argola<\/p>\n<\/div>\n<\/div>\n","protected":false},"featured_media":719,"comment_status":"open","ping_status":"closed","template":"","meta":[],"product_brand":[],"product_cat":[79,48,66,19,50,49,104,47,112],"product_tag":[],"class_list":{"0":"post-718","1":"product","2":"type-product","3":"status-publish","4":"has-post-thumbnail","6":"product_cat-automotivo","7":"product_cat-brinde-segmento","8":"product_cat-chaveiro-metal-resinado","9":"product_cat-chaveiros","10":"product_cat-empresa-segmento","11":"product_cat-escritorio-seg","12":"product_cat-mais-vendidos","13":"product_cat-produtos","14":"product_cat-produtos-destaque","16":"first","17":"instock","18":"shipping-taxable","19":"product-type-simple"},"_links":{"self":[{"href":"https:\/\/amparobrindes.com.br\/index.php?rest_route=\/wp\/v2\/product\/718","targetHints":{"allow":["GET"]}}],"collection":[{"href":"https:\/\/amparobrindes.com.br\/index.php?rest_route=\/wp\/v2\/product"}],"about":[{"href":"https:\/\/amparobrindes.com.br\/index.php?rest_route=\/wp\/v2\/types\/product"}],"replies":[{"embeddable":true,"href":"https:\/\/amparobrindes.com.br\/index.php?rest_route=%2Fwp%2Fv2%2Fcomments&post=718"}],"wp:featuredmedia":[{"embeddable":true,"href":"https:\/\/amparobrindes.com.br\/index.php?rest_route=\/wp\/v2\/media\/719"}],"wp:attachment":[{"href":"https:\/\/amparobrindes.com.br\/index.php?rest_route=%2Fwp%2Fv2%2Fmedia&parent=718"}],"wp:term":[{"taxonomy":"product_brand","embeddable":true,"href":"https:\/\/amparobrindes.com.br\/index.php?rest_route=%2Fwp%2Fv2%2Fproduct_brand&post=718"},{"taxonomy":"product_cat","embeddable":true,"href":"https:\/\/amparobrindes.com.br\/index.php?rest_route=%2Fwp%2Fv2%2Fproduct_cat&post=718"},{"taxonomy":"product_tag","embeddable":true,"href":"https:\/\/amparobrindes.com.br\/index.php?rest_route=%2Fwp%2Fv2%2Fproduct_tag&post=718"}],"curies":[{"name":"wp","href":"https:\/\/api.w.org\/{rel}","templated":true}]}}