{"id":708,"date":"2022-04-02T15:31:08","date_gmt":"2022-04-02T18:31:08","guid":{"rendered":"https:\/\/amparobrindes.com.br\/?post_type=product&#038;p=708"},"modified":"2022-04-02T15:33:46","modified_gmt":"2022-04-02T18:33:46","slug":"cod-430-chaveiro-sintetico-carro-modelo-retangulo-sem-mosquetao","status":"publish","type":"product","link":"https:\/\/amparobrindes.com.br\/?product=cod-430-chaveiro-sintetico-carro-modelo-retangulo-sem-mosquetao","title":{"rendered":"C\u00f3d: 430 \u2013 Chaveiro Sint\u00e9tico \u2013 Carro \u2013 Modelo Ret\u00e2ngulo \u2013 Sem Mosquet\u00e3o"},"content":{"rendered":"<p>Material : Bidim 1.5<\/p>\n<p>Medida: 9 x\u00a0 2,8 cm (com o mosquet\u00e3o)<\/p>\n<p>Impress\u00e3o : Silkscreen<\/p>\n<p>Baixo Relevo<\/p>\n<p>Enchimento: Papel\u00e3o<\/p>\n<p>Acess\u00f3rios : Rebite, Argola<\/p>\n<p>Acabamento em Costura<\/p>\n","protected":false},"excerpt":{"rendered":"<p>Material : Bidim 1.5 Medida: 9 x\u00a0 2,8 cm (com o mosquet\u00e3o) Impress\u00e3o : Silkscreen Baixo Relevo Enchimento: Papel\u00e3o Acess\u00f3rios : Rebite, Argola Acabamento em Costura<\/p>\n","protected":false},"featured_media":711,"comment_status":"open","ping_status":"closed","template":"","meta":[],"product_brand":[],"product_cat":[79,48,93,19,104],"product_tag":[],"class_list":{"0":"post-708","1":"product","2":"type-product","3":"status-publish","4":"has-post-thumbnail","6":"product_cat-automotivo","7":"product_cat-brinde-segmento","8":"product_cat-chaveiro-carro-material-sintetico","9":"product_cat-chaveiros","10":"product_cat-mais-vendidos","12":"first","13":"instock","14":"shipping-taxable","15":"product-type-simple"},"_links":{"self":[{"href":"https:\/\/amparobrindes.com.br\/index.php?rest_route=\/wp\/v2\/product\/708","targetHints":{"allow":["GET"]}}],"collection":[{"href":"https:\/\/amparobrindes.com.br\/index.php?rest_route=\/wp\/v2\/product"}],"about":[{"href":"https:\/\/amparobrindes.com.br\/index.php?rest_route=\/wp\/v2\/types\/product"}],"replies":[{"embeddable":true,"href":"https:\/\/amparobrindes.com.br\/index.php?rest_route=%2Fwp%2Fv2%2Fcomments&post=708"}],"wp:featuredmedia":[{"embeddable":true,"href":"https:\/\/amparobrindes.com.br\/index.php?rest_route=\/wp\/v2\/media\/711"}],"wp:attachment":[{"href":"https:\/\/amparobrindes.com.br\/index.php?rest_route=%2Fwp%2Fv2%2Fmedia&parent=708"}],"wp:term":[{"taxonomy":"product_brand","embeddable":true,"href":"https:\/\/amparobrindes.com.br\/index.php?rest_route=%2Fwp%2Fv2%2Fproduct_brand&post=708"},{"taxonomy":"product_cat","embeddable":true,"href":"https:\/\/amparobrindes.com.br\/index.php?rest_route=%2Fwp%2Fv2%2Fproduct_cat&post=708"},{"taxonomy":"product_tag","embeddable":true,"href":"https:\/\/amparobrindes.com.br\/index.php?rest_route=%2Fwp%2Fv2%2Fproduct_tag&post=708"}],"curies":[{"name":"wp","href":"https:\/\/api.w.org\/{rel}","templated":true}]}}