{"id":699,"date":"2022-03-22T08:53:17","date_gmt":"2022-03-22T11:53:17","guid":{"rendered":"https:\/\/amparobrindes.com.br\/?post_type=product&#038;p=699"},"modified":"2022-03-22T08:53:18","modified_gmt":"2022-03-22T11:53:18","slug":"cod-455-chaveiro-sintetico-carro-modelo-chapinha-tam1-sem-mosquetao","status":"publish","type":"product","link":"https:\/\/amparobrindes.com.br\/?product=cod-455-chaveiro-sintetico-carro-modelo-chapinha-tam1-sem-mosquetao","title":{"rendered":"C\u00f3d: 455 &#8211; Chaveiro Sint\u00e9tico &#8211; Carro &#8211; Modelo Chapinha &#8211; Tam1 &#8211; Sem Mosquet\u00e3o"},"content":{"rendered":"","protected":false},"excerpt":{"rendered":"<p>Material : Bidim 1.5<\/p>\n<p>Medida: 10,5 cm\u00a0 x\u00a0 3,3 cm (com o mosquet\u00e3o)<\/p>\n<p>Impress\u00e3o : Silkscreen<\/p>\n<p>Baixo Relevo<\/p>\n<p>Enchimento Papel\u00e3o<\/p>\n<p>Acess\u00f3rios : Rebite, Argola, Par de Cantoneiras<\/p>\n<p>Acabamento em Costura<\/p>\n","protected":false},"featured_media":700,"comment_status":"open","ping_status":"closed","template":"","meta":[],"product_brand":[],"product_cat":[79,48,93,19],"product_tag":[],"class_list":{"0":"post-699","1":"product","2":"type-product","3":"status-publish","4":"has-post-thumbnail","6":"product_cat-automotivo","7":"product_cat-brinde-segmento","8":"product_cat-chaveiro-carro-material-sintetico","9":"product_cat-chaveiros","11":"first","12":"instock","13":"shipping-taxable","14":"product-type-simple"},"_links":{"self":[{"href":"https:\/\/amparobrindes.com.br\/index.php?rest_route=\/wp\/v2\/product\/699","targetHints":{"allow":["GET"]}}],"collection":[{"href":"https:\/\/amparobrindes.com.br\/index.php?rest_route=\/wp\/v2\/product"}],"about":[{"href":"https:\/\/amparobrindes.com.br\/index.php?rest_route=\/wp\/v2\/types\/product"}],"replies":[{"embeddable":true,"href":"https:\/\/amparobrindes.com.br\/index.php?rest_route=%2Fwp%2Fv2%2Fcomments&post=699"}],"wp:featuredmedia":[{"embeddable":true,"href":"https:\/\/amparobrindes.com.br\/index.php?rest_route=\/wp\/v2\/media\/700"}],"wp:attachment":[{"href":"https:\/\/amparobrindes.com.br\/index.php?rest_route=%2Fwp%2Fv2%2Fmedia&parent=699"}],"wp:term":[{"taxonomy":"product_brand","embeddable":true,"href":"https:\/\/amparobrindes.com.br\/index.php?rest_route=%2Fwp%2Fv2%2Fproduct_brand&post=699"},{"taxonomy":"product_cat","embeddable":true,"href":"https:\/\/amparobrindes.com.br\/index.php?rest_route=%2Fwp%2Fv2%2Fproduct_cat&post=699"},{"taxonomy":"product_tag","embeddable":true,"href":"https:\/\/amparobrindes.com.br\/index.php?rest_route=%2Fwp%2Fv2%2Fproduct_tag&post=699"}],"curies":[{"name":"wp","href":"https:\/\/api.w.org\/{rel}","templated":true}]}}