{"id":694,"date":"2022-03-22T08:40:45","date_gmt":"2022-03-22T11:40:45","guid":{"rendered":"https:\/\/amparobrindes.com.br\/?post_type=product&#038;p=694"},"modified":"2022-04-12T17:05:28","modified_gmt":"2022-04-12T20:05:28","slug":"cod-420-chaveiro-sintetico-carro-modelo-parila-com-mosquetao","status":"publish","type":"product","link":"https:\/\/amparobrindes.com.br\/?product=cod-420-chaveiro-sintetico-carro-modelo-parila-com-mosquetao","title":{"rendered":"C\u00f3d: 420 &#8211; Chaveiro Sint\u00e9tico &#8211; Carro &#8211; Modelo Parila &#8211; Com Mosquet\u00e3o"},"content":{"rendered":"","protected":false},"excerpt":{"rendered":"<p>Material : Box 1.2<\/p>\n<p>Medida: 11,5 cm\u00a0 x\u00a0 3 cm (com o mosquet\u00e3o)<\/p>\n<p>Impress\u00e3o : Silkscreen<\/p>\n<p>Baixo Relevo<\/p>\n<p>Sem enchimento<\/p>\n<p>Acess\u00f3rios : Rebite, Argola, Mosquet\u00e3o<\/p>\n<p>Acabamento em Costura<\/p>\n","protected":false},"featured_media":695,"comment_status":"open","ping_status":"closed","template":"","meta":[],"product_brand":[],"product_cat":[79,48,93,19,97,32,104,47,112,33],"product_tag":[],"class_list":{"0":"post-694","1":"product","2":"type-product","3":"status-publish","4":"has-post-thumbnail","6":"product_cat-automotivo","7":"product_cat-brinde-segmento","8":"product_cat-chaveiro-carro-material-sintetico","9":"product_cat-chaveiros","10":"product_cat-dia-dos-namorados","11":"product_cat-lancamentos","12":"product_cat-mais-vendidos","13":"product_cat-produtos","14":"product_cat-produtos-destaque","15":"product_cat-promocoes","17":"first","18":"instock","19":"shipping-taxable","20":"product-type-simple"},"_links":{"self":[{"href":"https:\/\/amparobrindes.com.br\/index.php?rest_route=\/wp\/v2\/product\/694","targetHints":{"allow":["GET"]}}],"collection":[{"href":"https:\/\/amparobrindes.com.br\/index.php?rest_route=\/wp\/v2\/product"}],"about":[{"href":"https:\/\/amparobrindes.com.br\/index.php?rest_route=\/wp\/v2\/types\/product"}],"replies":[{"embeddable":true,"href":"https:\/\/amparobrindes.com.br\/index.php?rest_route=%2Fwp%2Fv2%2Fcomments&post=694"}],"wp:featuredmedia":[{"embeddable":true,"href":"https:\/\/amparobrindes.com.br\/index.php?rest_route=\/wp\/v2\/media\/695"}],"wp:attachment":[{"href":"https:\/\/amparobrindes.com.br\/index.php?rest_route=%2Fwp%2Fv2%2Fmedia&parent=694"}],"wp:term":[{"taxonomy":"product_brand","embeddable":true,"href":"https:\/\/amparobrindes.com.br\/index.php?rest_route=%2Fwp%2Fv2%2Fproduct_brand&post=694"},{"taxonomy":"product_cat","embeddable":true,"href":"https:\/\/amparobrindes.com.br\/index.php?rest_route=%2Fwp%2Fv2%2Fproduct_cat&post=694"},{"taxonomy":"product_tag","embeddable":true,"href":"https:\/\/amparobrindes.com.br\/index.php?rest_route=%2Fwp%2Fv2%2Fproduct_tag&post=694"}],"curies":[{"name":"wp","href":"https:\/\/api.w.org\/{rel}","templated":true}]}}