{"id":656,"date":"2022-03-16T10:11:45","date_gmt":"2022-03-16T13:11:45","guid":{"rendered":"https:\/\/amparobrindes.com.br\/?post_type=product&#038;p=656"},"modified":"2026-04-04T11:24:30","modified_gmt":"2026-04-04T14:24:30","slug":"cod-2348-porta-manual-carro-plastico-pvc-com-papelao","status":"publish","type":"product","link":"https:\/\/amparobrindes.com.br\/?product=cod-2348-porta-manual-carro-plastico-pvc-com-papelao","title":{"rendered":"C\u00f3d: 2348 &#8211; Porta Manual Carro &#8211; Pl\u00e1stico (PVC) &#8211; Com Papel\u00e3o"},"content":{"rendered":"","protected":false},"excerpt":{"rendered":"<p>Porta Manual em PVC com Papel\u00e3o.<\/p>\n<p>Medidas: 36,0 cm x 26,0 cm.<\/p>\n","protected":false},"featured_media":657,"comment_status":"open","ping_status":"closed","template":"","meta":[],"product_brand":[],"product_cat":[79,48,104,108,28],"product_tag":[],"class_list":{"0":"post-656","1":"product","2":"type-product","3":"status-publish","4":"has-post-thumbnail","6":"product_cat-automotivo","7":"product_cat-brinde-segmento","8":"product_cat-mais-vendidos","9":"product_cat-plastico-carro","10":"product_cat-porta-manuais","12":"first","13":"instock","14":"shipping-taxable","15":"product-type-simple"},"_links":{"self":[{"href":"https:\/\/amparobrindes.com.br\/index.php?rest_route=\/wp\/v2\/product\/656","targetHints":{"allow":["GET"]}}],"collection":[{"href":"https:\/\/amparobrindes.com.br\/index.php?rest_route=\/wp\/v2\/product"}],"about":[{"href":"https:\/\/amparobrindes.com.br\/index.php?rest_route=\/wp\/v2\/types\/product"}],"replies":[{"embeddable":true,"href":"https:\/\/amparobrindes.com.br\/index.php?rest_route=%2Fwp%2Fv2%2Fcomments&post=656"}],"wp:featuredmedia":[{"embeddable":true,"href":"https:\/\/amparobrindes.com.br\/index.php?rest_route=\/wp\/v2\/media\/657"}],"wp:attachment":[{"href":"https:\/\/amparobrindes.com.br\/index.php?rest_route=%2Fwp%2Fv2%2Fmedia&parent=656"}],"wp:term":[{"taxonomy":"product_brand","embeddable":true,"href":"https:\/\/amparobrindes.com.br\/index.php?rest_route=%2Fwp%2Fv2%2Fproduct_brand&post=656"},{"taxonomy":"product_cat","embeddable":true,"href":"https:\/\/amparobrindes.com.br\/index.php?rest_route=%2Fwp%2Fv2%2Fproduct_cat&post=656"},{"taxonomy":"product_tag","embeddable":true,"href":"https:\/\/amparobrindes.com.br\/index.php?rest_route=%2Fwp%2Fv2%2Fproduct_tag&post=656"}],"curies":[{"name":"wp","href":"https:\/\/api.w.org\/{rel}","templated":true}]}}