{"id":649,"date":"2022-03-09T23:29:18","date_gmt":"2022-03-10T02:29:18","guid":{"rendered":"https:\/\/amparobrindes.com.br\/?post_type=product&#038;p=649"},"modified":"2022-03-09T23:29:18","modified_gmt":"2022-03-10T02:29:18","slug":"cod-150-porta-manual-carro-sintetico-bidim-importado-gold","status":"publish","type":"product","link":"https:\/\/amparobrindes.com.br\/?product=cod-150-porta-manual-carro-sintetico-bidim-importado-gold","title":{"rendered":"C\u00f3d: 150 \u2013 Porta Manual Carro Sint\u00e9tico \u2013 Bidim Importado Gold"},"content":{"rendered":"","protected":false},"excerpt":{"rendered":"<p>Material \u2013 Bidim 1.5 (espessura)<\/p>\n<p>Medida do Produto Fechado :\u00a0 20,2 x 27 cm<\/p>\n<p>Medida do Bolso Sint\u00e9tico : 16,3 cm x 25,5 cm\u00a0 para cada lado (S\u00e3o 2 Bolsos Sint\u00e9ticos)<\/p>\n<p>Medida da Reparti\u00e7\u00e3o Pl\u00e1stica com Zipper\u00a0 :\u00a0 25,5 x 10,5 cm (Usado para guardar chave reserva)<\/p>\n<p>Porta Manual indicado para Manuais Mitshubishi\/Outros<\/p>\n<p>Baixo Relevo : Apenas na frente (logo)<\/p>\n<p>Acabamento em costura<\/p>\n<p>Fecho com Bot\u00e3o de Press\u00e3o \u00e9 opcional<\/p>\n","protected":false},"featured_media":650,"comment_status":"open","ping_status":"closed","template":"","meta":[],"product_brand":[],"product_cat":[79,48,28,107],"product_tag":[],"class_list":{"0":"post-649","1":"product","2":"type-product","3":"status-publish","4":"has-post-thumbnail","6":"product_cat-automotivo","7":"product_cat-brinde-segmento","8":"product_cat-porta-manuais","9":"product_cat-sintetico-carros","11":"first","12":"instock","13":"shipping-taxable","14":"product-type-simple"},"_links":{"self":[{"href":"https:\/\/amparobrindes.com.br\/index.php?rest_route=\/wp\/v2\/product\/649","targetHints":{"allow":["GET"]}}],"collection":[{"href":"https:\/\/amparobrindes.com.br\/index.php?rest_route=\/wp\/v2\/product"}],"about":[{"href":"https:\/\/amparobrindes.com.br\/index.php?rest_route=\/wp\/v2\/types\/product"}],"replies":[{"embeddable":true,"href":"https:\/\/amparobrindes.com.br\/index.php?rest_route=%2Fwp%2Fv2%2Fcomments&post=649"}],"wp:featuredmedia":[{"embeddable":true,"href":"https:\/\/amparobrindes.com.br\/index.php?rest_route=\/wp\/v2\/media\/650"}],"wp:attachment":[{"href":"https:\/\/amparobrindes.com.br\/index.php?rest_route=%2Fwp%2Fv2%2Fmedia&parent=649"}],"wp:term":[{"taxonomy":"product_brand","embeddable":true,"href":"https:\/\/amparobrindes.com.br\/index.php?rest_route=%2Fwp%2Fv2%2Fproduct_brand&post=649"},{"taxonomy":"product_cat","embeddable":true,"href":"https:\/\/amparobrindes.com.br\/index.php?rest_route=%2Fwp%2Fv2%2Fproduct_cat&post=649"},{"taxonomy":"product_tag","embeddable":true,"href":"https:\/\/amparobrindes.com.br\/index.php?rest_route=%2Fwp%2Fv2%2Fproduct_tag&post=649"}],"curies":[{"name":"wp","href":"https:\/\/api.w.org\/{rel}","templated":true}]}}