{"id":1016,"date":"2024-01-30T19:13:00","date_gmt":"2024-01-30T22:13:00","guid":{"rendered":"https:\/\/amparobrindes.com.br\/?post_type=product&#038;p=1016"},"modified":"2025-07-14T10:00:37","modified_gmt":"2025-07-14T13:00:37","slug":"cod-2222-sacochila-nylon","status":"publish","type":"product","link":"https:\/\/amparobrindes.com.br\/?product=cod-2222-sacochila-nylon","title":{"rendered":"C\u00f3d 2222 &#8211; Sacochila Nylon"},"content":{"rendered":"","protected":false},"excerpt":{"rendered":"<p>Descri\u00e7\u00e3o: Mochila saco em poli\u00e9ster.<\/p>\n<p>Tamanho total aproximado  (CxL):  41 cm x 34 cm<\/p>\n<p>Peso aproximado (g):  45<\/p>\n","protected":false},"featured_media":1017,"comment_status":"open","ping_status":"closed","template":"","meta":[],"product_brand":[],"product_cat":[49,104,130,47,112,131],"product_tag":[],"class_list":{"0":"post-1016","1":"product","2":"type-product","3":"status-publish","4":"has-post-thumbnail","6":"product_cat-escritorio-seg","7":"product_cat-mais-vendidos","8":"product_cat-mochilas-e-sacolas","9":"product_cat-produtos","10":"product_cat-produtos-destaque","11":"product_cat-sacochilas","13":"first","14":"instock","15":"featured","16":"shipping-taxable","17":"product-type-simple"},"_links":{"self":[{"href":"https:\/\/amparobrindes.com.br\/index.php?rest_route=\/wp\/v2\/product\/1016","targetHints":{"allow":["GET"]}}],"collection":[{"href":"https:\/\/amparobrindes.com.br\/index.php?rest_route=\/wp\/v2\/product"}],"about":[{"href":"https:\/\/amparobrindes.com.br\/index.php?rest_route=\/wp\/v2\/types\/product"}],"replies":[{"embeddable":true,"href":"https:\/\/amparobrindes.com.br\/index.php?rest_route=%2Fwp%2Fv2%2Fcomments&post=1016"}],"wp:featuredmedia":[{"embeddable":true,"href":"https:\/\/amparobrindes.com.br\/index.php?rest_route=\/wp\/v2\/media\/1017"}],"wp:attachment":[{"href":"https:\/\/amparobrindes.com.br\/index.php?rest_route=%2Fwp%2Fv2%2Fmedia&parent=1016"}],"wp:term":[{"taxonomy":"product_brand","embeddable":true,"href":"https:\/\/amparobrindes.com.br\/index.php?rest_route=%2Fwp%2Fv2%2Fproduct_brand&post=1016"},{"taxonomy":"product_cat","embeddable":true,"href":"https:\/\/amparobrindes.com.br\/index.php?rest_route=%2Fwp%2Fv2%2Fproduct_cat&post=1016"},{"taxonomy":"product_tag","embeddable":true,"href":"https:\/\/amparobrindes.com.br\/index.php?rest_route=%2Fwp%2Fv2%2Fproduct_tag&post=1016"}],"curies":[{"name":"wp","href":"https:\/\/api.w.org\/{rel}","templated":true}]}}