{"id":1012,"date":"2024-01-30T19:03:56","date_gmt":"2024-01-30T22:03:56","guid":{"rendered":"https:\/\/amparobrindes.com.br\/?post_type=product&#038;p=1012"},"modified":"2025-06-14T04:30:05","modified_gmt":"2025-06-14T07:30:05","slug":"cod-8888-kit-churrasco-2-pecas","status":"publish","type":"product","link":"https:\/\/amparobrindes.com.br\/?product=cod-8888-kit-churrasco-2-pecas","title":{"rendered":"C\u00f3d : 8888 &#8211;  Kit Churrasco 2 pe\u00e7as"},"content":{"rendered":"","protected":false},"excerpt":{"rendered":"<p>Material: inox e madeira<\/p>\n<p>Estojo &#8211; comprimento: 36 cm<\/p>\n<p>Estojo &#8211; largura: 9,8 cm<\/p>\n<p>Faca &#8211; comprimento: 33 cm<\/p>\n<p>Faca- largura: 3,7 cm<\/p>\n<p>Garfo &#8211; comprimento: 33 cm<\/p>\n<p>Garfo &#8211; largura: 2,6 cm<\/p>\n<p>Estojo &#8211; medidas para grava\u00e7\u00e3o (C x ): 33,9 cm x 8,3 cm<\/p>\n<p>Faca &#8211; medidas para grava\u00e7\u00e3o (C x L): 3,6 cm x 2 cm<\/p>\n<p>Garfo &#8211; medidas para grava\u00e7\u00e3o (C x L): 12,9 cm x 2 cm<\/p>\n<p>Peso: 271 g<\/p>\n<p>Observa\u00e7\u00e3o: Na vers\u00e3o preta, o cabo dos utens\u00edlios \u00e9 produzido em pl\u00e1stico<\/p>\n","protected":false},"featured_media":1013,"comment_status":"open","ping_status":"closed","template":"","meta":[],"product_brand":[],"product_cat":[97,51,129],"product_tag":[],"class_list":{"0":"post-1012","1":"product","2":"type-product","3":"status-publish","4":"has-post-thumbnail","6":"product_cat-dia-dos-namorados","7":"product_cat-dia-dos-pais","8":"product_cat-kit-churrasco","10":"first","11":"instock","12":"featured","13":"shipping-taxable","14":"product-type-simple"},"_links":{"self":[{"href":"https:\/\/amparobrindes.com.br\/index.php?rest_route=\/wp\/v2\/product\/1012","targetHints":{"allow":["GET"]}}],"collection":[{"href":"https:\/\/amparobrindes.com.br\/index.php?rest_route=\/wp\/v2\/product"}],"about":[{"href":"https:\/\/amparobrindes.com.br\/index.php?rest_route=\/wp\/v2\/types\/product"}],"replies":[{"embeddable":true,"href":"https:\/\/amparobrindes.com.br\/index.php?rest_route=%2Fwp%2Fv2%2Fcomments&post=1012"}],"wp:featuredmedia":[{"embeddable":true,"href":"https:\/\/amparobrindes.com.br\/index.php?rest_route=\/wp\/v2\/media\/1013"}],"wp:attachment":[{"href":"https:\/\/amparobrindes.com.br\/index.php?rest_route=%2Fwp%2Fv2%2Fmedia&parent=1012"}],"wp:term":[{"taxonomy":"product_brand","embeddable":true,"href":"https:\/\/amparobrindes.com.br\/index.php?rest_route=%2Fwp%2Fv2%2Fproduct_brand&post=1012"},{"taxonomy":"product_cat","embeddable":true,"href":"https:\/\/amparobrindes.com.br\/index.php?rest_route=%2Fwp%2Fv2%2Fproduct_cat&post=1012"},{"taxonomy":"product_tag","embeddable":true,"href":"https:\/\/amparobrindes.com.br\/index.php?rest_route=%2Fwp%2Fv2%2Fproduct_tag&post=1012"}],"curies":[{"name":"wp","href":"https:\/\/api.w.org\/{rel}","templated":true}]}}