{"id":1009,"date":"2024-01-30T18:42:25","date_gmt":"2024-01-30T21:42:25","guid":{"rendered":"https:\/\/amparobrindes.com.br\/?post_type=product&#038;p=1009"},"modified":"2026-01-29T00:12:16","modified_gmt":"2026-01-29T03:12:16","slug":"cod-5555-garrafa-termica-500-ml","status":"publish","type":"product","link":"https:\/\/amparobrindes.com.br\/?product=cod-5555-garrafa-termica-500-ml","title":{"rendered":"C\u00f3d 5555 &#8211; Garrafa T\u00e9rmica 500 ml"},"content":{"rendered":"","protected":false},"excerpt":{"rendered":"<p>Descri\u00e7\u00e3o: Garrafa t\u00e9rmica 500ml feita em a\u00e7o inoxid\u00e1vel 304, acompanha infusor de bebidas.<\/p>\n<p>Altura :  22,6 cm<\/p>\n<p>Largura :  6,5 cm<\/p>\n<p>Circunfer\u00eancia :  20,5 cm<\/p>\n","protected":false},"featured_media":1010,"comment_status":"open","ping_status":"closed","template":"","meta":[],"product_brand":[],"product_cat":[16,34,51,50,49,128,32,104,47,112,33,29],"product_tag":[],"class_list":{"0":"post-1009","1":"product","2":"type-product","3":"status-publish","4":"has-post-thumbnail","6":"product_cat-uncategorized","7":"product_cat-datas-comemorativas","8":"product_cat-dia-dos-pais","9":"product_cat-empresa-segmento","10":"product_cat-escritorio-seg","11":"product_cat-garrafas-termicas","12":"product_cat-lancamentos","13":"product_cat-mais-vendidos","14":"product_cat-produtos","15":"product_cat-produtos-destaque","16":"product_cat-promocoes","17":"product_cat-squeezes","19":"first","20":"instock","21":"featured","22":"shipping-taxable","23":"product-type-simple"},"_links":{"self":[{"href":"https:\/\/amparobrindes.com.br\/index.php?rest_route=\/wp\/v2\/product\/1009","targetHints":{"allow":["GET"]}}],"collection":[{"href":"https:\/\/amparobrindes.com.br\/index.php?rest_route=\/wp\/v2\/product"}],"about":[{"href":"https:\/\/amparobrindes.com.br\/index.php?rest_route=\/wp\/v2\/types\/product"}],"replies":[{"embeddable":true,"href":"https:\/\/amparobrindes.com.br\/index.php?rest_route=%2Fwp%2Fv2%2Fcomments&post=1009"}],"wp:featuredmedia":[{"embeddable":true,"href":"https:\/\/amparobrindes.com.br\/index.php?rest_route=\/wp\/v2\/media\/1010"}],"wp:attachment":[{"href":"https:\/\/amparobrindes.com.br\/index.php?rest_route=%2Fwp%2Fv2%2Fmedia&parent=1009"}],"wp:term":[{"taxonomy":"product_brand","embeddable":true,"href":"https:\/\/amparobrindes.com.br\/index.php?rest_route=%2Fwp%2Fv2%2Fproduct_brand&post=1009"},{"taxonomy":"product_cat","embeddable":true,"href":"https:\/\/amparobrindes.com.br\/index.php?rest_route=%2Fwp%2Fv2%2Fproduct_cat&post=1009"},{"taxonomy":"product_tag","embeddable":true,"href":"https:\/\/amparobrindes.com.br\/index.php?rest_route=%2Fwp%2Fv2%2Fproduct_tag&post=1009"}],"curies":[{"name":"wp","href":"https:\/\/api.w.org\/{rel}","templated":true}]}}