{"id":1004,"date":"2024-01-30T18:17:17","date_gmt":"2024-01-30T21:17:17","guid":{"rendered":"https:\/\/amparobrindes.com.br\/?post_type=product&#038;p=1004"},"modified":"2026-01-29T00:10:34","modified_gmt":"2026-01-29T03:10:34","slug":"cod-18645-l-copos-termicos-com-abridor-500-ml","status":"publish","type":"product","link":"https:\/\/amparobrindes.com.br\/?product=cod-18645-l-copos-termicos-com-abridor-500-ml","title":{"rendered":"C\u00f3d : 18645 L  &#8211; Copos T\u00e9rmicos  com Abridor &#8211; 500 Ml"},"content":{"rendered":"","protected":false},"excerpt":{"rendered":"<p>Descri\u00e7\u00e3o: Copo t\u00e9rmico de inox com acabamento liso e capacidade 500ml, material livre de BPA. Cont\u00e9m tampa com abridor.<\/p>\n<p>Altura :  17,1 cm<\/p>\n<p>Largura :  9,1 cm<\/p>\n<p>Circunfer\u00eancia :  29,3 cm<\/p>\n","protected":false},"featured_media":989,"comment_status":"open","ping_status":"closed","template":"","meta":[],"product_brand":[],"product_cat":[98,20,126,34,97,51,112],"product_tag":[],"class_list":{"0":"post-1004","1":"product","2":"type-product","3":"status-publish","4":"has-post-thumbnail","6":"product_cat-aniversarios","7":"product_cat-canecas-e-copos","8":"product_cat-copos-termicos","9":"product_cat-datas-comemorativas","10":"product_cat-dia-dos-namorados","11":"product_cat-dia-dos-pais","12":"product_cat-produtos-destaque","14":"first","15":"instock","16":"featured","17":"shipping-taxable","18":"product-type-simple"},"_links":{"self":[{"href":"https:\/\/amparobrindes.com.br\/index.php?rest_route=\/wp\/v2\/product\/1004","targetHints":{"allow":["GET"]}}],"collection":[{"href":"https:\/\/amparobrindes.com.br\/index.php?rest_route=\/wp\/v2\/product"}],"about":[{"href":"https:\/\/amparobrindes.com.br\/index.php?rest_route=\/wp\/v2\/types\/product"}],"replies":[{"embeddable":true,"href":"https:\/\/amparobrindes.com.br\/index.php?rest_route=%2Fwp%2Fv2%2Fcomments&post=1004"}],"wp:featuredmedia":[{"embeddable":true,"href":"https:\/\/amparobrindes.com.br\/index.php?rest_route=\/wp\/v2\/media\/989"}],"wp:attachment":[{"href":"https:\/\/amparobrindes.com.br\/index.php?rest_route=%2Fwp%2Fv2%2Fmedia&parent=1004"}],"wp:term":[{"taxonomy":"product_brand","embeddable":true,"href":"https:\/\/amparobrindes.com.br\/index.php?rest_route=%2Fwp%2Fv2%2Fproduct_brand&post=1004"},{"taxonomy":"product_cat","embeddable":true,"href":"https:\/\/amparobrindes.com.br\/index.php?rest_route=%2Fwp%2Fv2%2Fproduct_cat&post=1004"},{"taxonomy":"product_tag","embeddable":true,"href":"https:\/\/amparobrindes.com.br\/index.php?rest_route=%2Fwp%2Fv2%2Fproduct_tag&post=1004"}],"curies":[{"name":"wp","href":"https:\/\/api.w.org\/{rel}","templated":true}]}}