{"id":18,"date":"2020-03-25T16:40:20","date_gmt":"2020-03-25T19:40:20","guid":{"rendered":"http:\/\/local.brindesmau.com.br\/?page_id=18"},"modified":"2021-06-22T16:38:05","modified_gmt":"2021-06-22T19:38:05","slug":"empresa","status":"publish","type":"page","link":"https:\/\/amparobrindes.com.br\/?page_id=18","title":{"rendered":"Quem somos"},"content":{"rendered":"<p>Somos uma Empresa, especializada em <strong>Brindes Promocionais<\/strong> !!!<\/p><p><strong>Fabricamos Produtos Personalizados<\/strong>, em Materiais Sint\u00e9ticos, Couro Leg\u00edtimo, Pl\u00e1sticos (PVC), dentre outros materiais!<\/p><p>Direcionamos com nossos produtos de Fabrica\u00e7\u00e3o Pr\u00f3pria, para uma grande participa\u00e7\u00e3o no <strong>SEGMENTO AUTOMOTIVO<\/strong>!!!<\/p><p>Fundada em meados de 1993, a&nbsp;<strong>AMPARO BRINDES,<\/strong>&nbsp;vem se destacando a cada dia no mercado nacional de Brindes Automotivos, fornecendo seus produtos com alta qualidade, durabilidade e acabamento impec\u00e1vel, satisfat\u00f3rios e ideais para p\u00fablicos exigentes.<\/p><p>Segue abaixo alguns produtos de fabrica\u00e7\u00e3o pr\u00f3pria:<\/p><p><strong><em><span class=\"has-inline-color has-vivid-red-color\">ADESIVO &#8211; PORTA DOCUMENTO (MATERIAL SINT\u00c9TICO) &#8211; PORTA MANUAL\u00a0 &#8211; CHAVEIRO (DIVERSOS MODELOS ) \u2013 CARTEIRA PARA \u00a0DESPACHANTE\u00a0 &#8211; PORTA RECIBO \u2013 PORTA CNH \u2013 LIXOCAR \u2013 DENTRE OUTROS PRODUTOS QUE ATENDEM A DEMANDA DO SETOS AUTOMOTIVO.<\/span><\/em><\/strong><\/p><p><strong>MERCADO E P\u00daBLICO ALVO: &nbsp;<\/strong><\/p><p><strong>Atendemos em todo o Territ\u00f3rio Nacional<\/strong>:<\/p><ul class=\"wp-block-list\"><li><strong>Brindes para Despachantes e Auto Escolas.<\/strong><\/li><li><strong>Brindes para Concession\u00e1rias e Lojas de Revendas, \u00a0em geral (Moto, Autom\u00f3veis e Caminh\u00f5es).<\/strong><\/li><li><strong>Brindes para Corretoras de Seguros.<\/strong><\/li><li><strong>Brindes para Escrit\u00f3rios de Contabilidade.<\/strong><\/li><li><strong>Brindes para Empresas (grande, m\u00e9dio e pequeno porte).<\/strong><\/li><li><strong>Brindes para Com\u00e9rcio em Geral.<\/strong><\/li><\/ul><p><strong><em><span class=\"has-inline-color has-vivid-red-color\">INOVA\u00c7\u00c3O EM PRODUTOS DIVERSOS E PROMOCIONAIS:<\/span><\/em><\/strong><\/p><p>Aqui na <strong>AMPARO BRINDES<\/strong>, Voc\u00ea tamb\u00e9m encontra diversos tipos de Brindes Promocionais, que vai atender a qualquer segmento, sem exce\u00e7\u00e3o:<\/p><p><strong><span class=\"has-inline-color has-vivid-red-color\">AGENDAS &#8211; CADERNO COMERCIAIS &#8211; CANETAS (DIVERSOS MODELOS) \u2013 CANECAS\u00a0 &#8211; CALEND\u00c1RIO DE MESA &#8211; CALEND\u00c1RIO DE PAREDE &#8211; SQUEEZES \u2013 REL\u00d3GIOS DE PAREDE &#8211; UNIFORMES &#8211; INFORMATICA &#8211; SACOLAS &#8211; E MAIS UMA GRANDE VARIEDADE DE PRODUTOS QUE VOC\u00ca VAI ENCONTRAR EM NOSSA P\u00c1GINA.<\/span><\/strong><\/p><p><strong>MERCADO E P\u00daBLICO ALVO:<\/strong><\/p><p><strong>Atendemos em todo o Territ\u00f3rio Nacional:<\/strong><\/p><ul class=\"wp-block-list\"><li><strong>Pessoas F\u00edsicas<\/strong><\/li><li><strong>Com\u00e9rcio Informal<\/strong><\/li><li><strong>Microempreendedor Individual<\/strong><\/li><li><strong>Empresas de Pequeno, M\u00e9dio e Grande Porte<\/strong><\/li><li><strong>TODOS OS SEGMENTOS<\/strong><\/li><\/ul><p><strong><em><span class=\"has-inline-color has-vivid-red-color\">MISS\u00c3O<\/span><\/em><\/strong><\/p><p><strong>Satisfazer o seu Cliente, faz\u00ea-lo lembrar de maneira POSITIVA, da sua MARCA, da sua EMPRESA, de seu COM\u00c9RCIO, do seu PRODUTO! Aumentando seu FATURAMENTO!!! Assim estreitanto o nosso relacionamento comercial, consolidando uma PARCERIA duradoura e consistente!<\/strong><\/p><p><strong><span class=\"has-inline-color has-vivid-red-color\"><em>VALORES<\/em><\/span><\/strong><\/p><p><strong>Nossos VALORES s\u00e3o o Comprometimento, a Qualidade, Pontualidade, Inova\u00e7\u00e3o, \u00c9tica, Credibilidade, Amizade e Valoriza\u00e7\u00e3o do Cliente.<\/strong><\/p><p class=\"has-text-align-center\"><strong><em><span class=\"has-inline-color has-vivid-red-color\">\u2018\u2018O BRINDE \u00c9 A GRANDE FERRAMENTA DE MARKETING!\u2019\u2019<\/span><\/em><\/strong><\/p><h1 class=\"has-text-align-center wp-block-heading\"><\/h1>","protected":false},"excerpt":{"rendered":"<p>Somos uma Empresa, especializada em Brindes Promocionais !!! Fabricamos Produtos Personalizados, em Materiais Sint\u00e9ticos, Couro Leg\u00edtimo, Pl\u00e1sticos (PVC), dentre outros materiais! Direcionamos com nossos produtos de Fabrica\u00e7\u00e3o Pr\u00f3pria, para uma grande participa\u00e7\u00e3o no SEGMENTO AUTOMOTIVO!!! Fundada em meados de 1993, a&nbsp;AMPARO BRINDES,&nbsp;vem se destacando a cada dia no mercado nacional de Brindes Automotivos, fornecendo seus [&hellip;]<\/p>\n","protected":false},"author":1,"featured_media":0,"parent":0,"menu_order":0,"comment_status":"closed","ping_status":"closed","template":"","meta":{"footnotes":""},"class_list":["post-18","page","type-page","status-publish","hentry"],"_links":{"self":[{"href":"https:\/\/amparobrindes.com.br\/index.php?rest_route=\/wp\/v2\/pages\/18","targetHints":{"allow":["GET"]}}],"collection":[{"href":"https:\/\/amparobrindes.com.br\/index.php?rest_route=\/wp\/v2\/pages"}],"about":[{"href":"https:\/\/amparobrindes.com.br\/index.php?rest_route=\/wp\/v2\/types\/page"}],"author":[{"embeddable":true,"href":"https:\/\/amparobrindes.com.br\/index.php?rest_route=\/wp\/v2\/users\/1"}],"replies":[{"embeddable":true,"href":"https:\/\/amparobrindes.com.br\/index.php?rest_route=%2Fwp%2Fv2%2Fcomments&post=18"}],"version-history":[{"count":14,"href":"https:\/\/amparobrindes.com.br\/index.php?rest_route=\/wp\/v2\/pages\/18\/revisions"}],"predecessor-version":[{"id":579,"href":"https:\/\/amparobrindes.com.br\/index.php?rest_route=\/wp\/v2\/pages\/18\/revisions\/579"}],"wp:attachment":[{"href":"https:\/\/amparobrindes.com.br\/index.php?rest_route=%2Fwp%2Fv2%2Fmedia&parent=18"}],"curies":[{"name":"wp","href":"https:\/\/api.w.org\/{rel}","templated":true}]}}